{"id":978,"date":"2022-04-12T21:58:08","date_gmt":"2022-04-12T18:58:08","guid":{"rendered":"https:\/\/viltis.lt\/lt\/?page_id=978"},"modified":"2022-04-12T21:58:58","modified_gmt":"2022-04-12T18:58:58","slug":"perlsi-projektas","status":"publish","type":"page","link":"https:\/\/viltis.lt\/lt\/perlsi-projektas\/","title":{"rendered":"PERLSI projektas"},"content":{"rendered":"<p class=\"has-medium-font-size\">V\u0161\u012e Informacijos\u00a0ir kaupimo centro dalyvaujamojo\u00a0ERASMUS+\u00a0projekto\u00a0\u201eLengvai suprantamos kalbos (LSK) populiarinimas socialinei \u012ftrauk\u010diai skatinti (Promoting Easy-to-Read Language for Social Inclusion \u2013 PERLSI)\u201c internetin\u0117 PERLSI svetain\u0117 yra integruota \u012f bendrijos VILTIES svetain\u0119, siekiant u\u017etikrinti projekto pasirodymo internete tvarum\u0105.<\/p>\n<p class=\"has-text-align-center has-medium-font-size\">Kvie\u010diame susipa\u017einti su projekto eiga.<a href=\"https:\/\/www.lu.lv\/en\/perlsi\/\" target=\"_blank\" rel=\"noreferrer noopener\">https:\/\/www.lu.lv\/en\/perlsi\/<\/a><\/p>\n<figure class=\"wp-block-image size-full\"><\/figure>\n","protected":false},"excerpt":{"rendered":"<p>V\u0161\u012e Informacijos\u00a0ir kaupimo centro dalyvaujamojo\u00a0ERASMUS+\u00a0projekto\u00a0\u201eLengvai suprantamos kalbos (LSK) populiarinimas socialinei \u012ftrauk\u010diai skatinti (Promoting Easy-to-Read Language for Social Inclusion \u2013 PERLSI)\u201c internetin\u0117 PERLSI svetain\u0117 yra integruota \u012f bendrijos VILTIES svetain\u0119, siekiant u\u017etikrinti projekto pasirodymo internete tvarum\u0105. Kvie\u010diame susipa\u017einti su projekto eiga.https:\/\/www.lu.lv\/en\/perlsi\/<\/p>\n","protected":false},"author":1,"featured_media":982,"parent":0,"menu_order":0,"comment_status":"closed","ping_status":"closed","template":"","meta":{"_acf_changed":false,"footnotes":""},"class_list":["post-978","page","type-page","status-publish","has-post-thumbnail","hentry"],"acf":[],"lang":"lt","translations":{"lt":978},"pll_sync_post":[],"_links":{"self":[{"href":"https:\/\/viltis.lt\/lt\/wp-json\/wp\/v2\/pages\/978","targetHints":{"allow":["GET"]}}],"collection":[{"href":"https:\/\/viltis.lt\/lt\/wp-json\/wp\/v2\/pages"}],"about":[{"href":"https:\/\/viltis.lt\/lt\/wp-json\/wp\/v2\/types\/page"}],"author":[{"embeddable":true,"href":"https:\/\/viltis.lt\/lt\/wp-json\/wp\/v2\/users\/1"}],"replies":[{"embeddable":true,"href":"https:\/\/viltis.lt\/lt\/wp-json\/wp\/v2\/comments?post=978"}],"version-history":[{"count":3,"href":"https:\/\/viltis.lt\/lt\/wp-json\/wp\/v2\/pages\/978\/revisions"}],"predecessor-version":[{"id":984,"href":"https:\/\/viltis.lt\/lt\/wp-json\/wp\/v2\/pages\/978\/revisions\/984"}],"wp:featuredmedia":[{"embeddable":true,"href":"https:\/\/viltis.lt\/lt\/wp-json\/wp\/v2\/media\/982"}],"wp:attachment":[{"href":"https:\/\/viltis.lt\/lt\/wp-json\/wp\/v2\/media?parent=978"}],"curies":[{"name":"wp","href":"https:\/\/api.w.org\/{rel}","templated":true}]}}