{"id":959,"date":"2022-04-07T08:56:02","date_gmt":"2022-04-07T05:56:02","guid":{"rendered":"https:\/\/viltis.lt\/lt\/?page_id=959"},"modified":"2022-11-12T21:04:32","modified_gmt":"2022-11-12T19:04:32","slug":"idemocracy-projektas","status":"publish","type":"page","link":"https:\/\/viltis.lt\/lt\/idemocracy-projektas\/","title":{"rendered":"IDemocracy projektas"},"content":{"rendered":"<p class=\"has-medium-font-size\"><strong>IDEMOCRACY \u2013 tai projektas apie \u017emoni\u0173, turin\u010di\u0173 intelekto negali\u0105, dalyvavimo teisi\u0173 u\u017etikrinim\u0105 skaitmenini\u0173 technologij\u0173 pagalba<\/strong>.<\/p>\n<p class=\"has-medium-font-size\">Projekto prad\u017eia: 2020 m. lapkri\u010dio m\u0117n.<\/p>\n<p class=\"has-medium-font-size\">Projekto pabaiga: 2022 m. spalio m\u0117n.<\/p>\n<p class=\"has-medium-font-size\">Projekto partneriai \u2013 Europos konsorciumas:<\/p>\n<ul>\n<li>PLENA INCLUSION COMUNIDAD VALENCIA (Ispanija)<\/li>\n<li>FEDERACAO NACIONAL DE COOPERATIVAS DE SOLIDARIEDADE SOCIAL, FCRL, FENACERCI (Portugalija)<\/li>\n<li>KINONIKES SINETERISTIKES DRASTIRIOTITES EFPATHON OMADON, KSDEO EDRA (Graikija)<\/li>\n<li>HRVATSKA UDRUGA RADNIH TERAPEUTA, HURT \u201c(Kroatija)<\/li>\n<li>LIETUVOS SUTRIKUSIO INTELEKTO \u017dMONI\u0172 GLOBOS BENDRIJA \u201eVILTIS\u201c (Lietuva)<\/li>\n<li>UNIVERSITAT POLITECNICA DE VALENCIA\u201c\u00a0 (Ispanija)<\/li>\n<li>E-SENIORS: INITIATION DES SENIORS AUX NTIC ASSOCIATION\u201c (Pranc\u016bzija)<\/li>\n<\/ul>\n<div class=\"wp-block-image\">\n<figure class=\"aligncenter size-large\"><img loading=\"lazy\" decoding=\"async\" class=\"wp-image-2285\" src=\"http:\/\/www.viltis.lt\/lt\/_OLD\/wp-content\/uploads\/2021\/06\/image-3.png\" sizes=\"auto, (max-width: 613px) 100vw, 613px\" srcset=\"https:\/\/www.viltis.lt\/lt\/_OLD\/wp-content\/uploads\/2021\/06\/image-3.png 613w, https:\/\/www.viltis.lt\/lt\/_OLD\/wp-content\/uploads\/2021\/06\/image-3-300x72.png 300w\" alt=\"\" width=\"613\" height=\"147\" \/><\/figure>\n<\/div>\n<p class=\"has-medium-font-size\">\u201eIDemokratija\u201c yra Europos projektas, \u012fgyvendinamas pagal program\u0105 \u201eERASMUS +\u201c, kurio pagrindinis tikslas \u2013 i\u0161pl\u0117sti sutrikusio intelekto asmen\u0173 ir j\u0173 r\u0117m\u0117j\u0173 kompetencijas, susijusias su j\u0173 demokratini\u0173 teisi\u0173 \u012fgyvendinimu skaitmenin\u0117je visuomen\u0117je.<\/p>\n<p class=\"has-medium-font-size\">Sutrikusio intelekto negali\u0105 turin\u010di\u0173 asmen\u0173 naudojimasis dalyvavimo, atstovavimo ir balsavimo teis\u0117mis yra b\u016btinas norint \u012fgyvendinti demokratines teises. Ta\u010diau jie vis dar susiduria su didel\u0117mis kli\u016btimis.<\/p>\n<p class=\"has-medium-font-size\">Informacijos ir Komunikacijos Technologij\u0173\u00a0 naudojimas yra sud\u0117tingas sutrikusio intelekto negali\u0105 turintiems asmenims ir matome, kad pama\u017eu susiformavo skaitmenin\u0117 atskirtis tarp j\u0173 ir technologijas pla\u010diai naudojan\u010di\u0173 pilie\u010di\u0173.<\/p>\n<p class=\"has-medium-font-size\">Remiantis tuo, pradedamas ERASMUS + programoje \u012fgyvendinamas Europos projektas \u201eIDemokratija\u201c, kurio pagrindinis tikslas yra padidinti sutrikusio intelekto asmen\u0173 ir j\u0173 r\u0117m\u0117j\u0173 kompetencijas, susijusias su demokratini\u0173 teisi\u0173 \u012fgyvendinimu skaitmenin\u0117je visuomen\u0117je.<\/p>\n<p class=\"has-medium-font-size\">Sutelkianti d\u0117mes\u012f \u012f organizacijos, bendruomen\u0117s ir politin\u012f lygmenis bus sukurta novatori\u0161ka mokymo metodika, taip pat kiekvienai tikslinei grupei pritaikyta mokymo med\u017eiaga ir e-mokymo priemon\u0117, padedanti \u012fgyvendinti mokymo metodik\u0105. Bus vykdomos bandomosios veiklos, kuriuose dalyvaus daugiau nei 100 asmen\u0173 Ispanijoje, Portugalijoje, Kroatijoje, Graikijoje ir Lietuvoje. Nepaisant esam\u0173 i\u0161\u0161\u016bki\u0173 sukelt\u0173 COVID-19 viruso, tikime, kad visos \u012fgytos \u017einios bus naudingos asmen\u0173 su intelekto sutrikimais bei j\u0173 r\u0117m\u0117j\u0173 savaranki\u0161k\u0173 sprendim\u0173 pri\u0117mimo ugdymui.<\/p>\n<blockquote class=\"wp-embedded-content\" data-secret=\"vbtsaxtMuP\"><p><a href=\"https:\/\/viltis.lt\/lt\/paskutinis-pristatymo-renginys\/\">Paskutinis pristatymo renginys<\/a><\/p><\/blockquote>\n<p><iframe loading=\"lazy\" class=\"wp-embedded-content\" sandbox=\"allow-scripts\" security=\"restricted\" style=\"position: absolute; clip: rect(1px, 1px, 1px, 1px);\" title=\"&#8220;Paskutinis pristatymo renginys&#8221; &#8212; Viltis.lt\" src=\"https:\/\/viltis.lt\/lt\/paskutinis-pristatymo-renginys\/embed\/#?secret=WABZzH69CQ#?secret=vbtsaxtMuP\" data-secret=\"vbtsaxtMuP\" width=\"600\" height=\"338\" frameborder=\"0\" marginwidth=\"0\" marginheight=\"0\" scrolling=\"no\"><\/iframe><\/p>\n<blockquote class=\"wp-embedded-content\" data-secret=\"C3sHT6TrQG\"><p><a href=\"https:\/\/viltis.lt\/lt\/paskutinis-projekto-susitikimas\/\">Paskutinis projekto susitikimas<\/a><\/p><\/blockquote>\n<p><iframe loading=\"lazy\" class=\"wp-embedded-content\" sandbox=\"allow-scripts\" security=\"restricted\" style=\"position: absolute; clip: rect(1px, 1px, 1px, 1px);\" title=\"&#8220;Paskutinis projekto susitikimas&#8221; &#8212; Viltis.lt\" src=\"https:\/\/viltis.lt\/lt\/paskutinis-projekto-susitikimas\/embed\/#?secret=3Vl0eqJNml#?secret=C3sHT6TrQG\" data-secret=\"C3sHT6TrQG\" width=\"600\" height=\"338\" frameborder=\"0\" marginwidth=\"0\" marginheight=\"0\" scrolling=\"no\"><\/iframe><\/p>\n","protected":false},"excerpt":{"rendered":"<p>IDEMOCRACY \u2013 tai projektas apie \u017emoni\u0173, turin\u010di\u0173 intelekto negali\u0105, dalyvavimo teisi\u0173 u\u017etikrinim\u0105 skaitmenini\u0173 technologij\u0173 pagalba. Projekto prad\u017eia: 2020 m. lapkri\u010dio m\u0117n. Projekto pabaiga: 2022 m. spalio m\u0117n. Projekto partneriai \u2013 Europos konsorciumas: PLENA INCLUSION COMUNIDAD VALENCIA (Ispanija) FEDERACAO NACIONAL DE COOPERATIVAS DE SOLIDARIEDADE SOCIAL, FCRL, FENACERCI (Portugalija) KINONIKES SINETERISTIKES DRASTIRIOTITES EFPATHON OMADON, KSDEO EDRA (Graikija) [&hellip;]<\/p>\n","protected":false},"author":1,"featured_media":0,"parent":0,"menu_order":0,"comment_status":"closed","ping_status":"closed","template":"","meta":{"_acf_changed":false,"footnotes":""},"class_list":["post-959","page","type-page","status-publish","hentry"],"acf":[],"lang":"lt","translations":{"lt":959},"pll_sync_post":[],"_links":{"self":[{"href":"https:\/\/viltis.lt\/lt\/wp-json\/wp\/v2\/pages\/959","targetHints":{"allow":["GET"]}}],"collection":[{"href":"https:\/\/viltis.lt\/lt\/wp-json\/wp\/v2\/pages"}],"about":[{"href":"https:\/\/viltis.lt\/lt\/wp-json\/wp\/v2\/types\/page"}],"author":[{"embeddable":true,"href":"https:\/\/viltis.lt\/lt\/wp-json\/wp\/v2\/users\/1"}],"replies":[{"embeddable":true,"href":"https:\/\/viltis.lt\/lt\/wp-json\/wp\/v2\/comments?post=959"}],"version-history":[{"count":4,"href":"https:\/\/viltis.lt\/lt\/wp-json\/wp\/v2\/pages\/959\/revisions"}],"predecessor-version":[{"id":1172,"href":"https:\/\/viltis.lt\/lt\/wp-json\/wp\/v2\/pages\/959\/revisions\/1172"}],"wp:attachment":[{"href":"https:\/\/viltis.lt\/lt\/wp-json\/wp\/v2\/media?parent=959"}],"curies":[{"name":"wp","href":"https:\/\/api.w.org\/{rel}","templated":true}]}}