{"id":939,"date":"2022-04-01T08:44:17","date_gmt":"2022-04-01T05:44:17","guid":{"rendered":"https:\/\/viltis.lt\/lt\/?page_id=939"},"modified":"2023-04-14T16:35:41","modified_gmt":"2023-04-14T13:35:41","slug":"decider-projektas","status":"publish","type":"page","link":"https:\/\/viltis.lt\/lt\/decider-projektas\/","title":{"rendered":"DECIDER projektas"},"content":{"rendered":"<p>Lietuvos sutrikusio intelekto \u017emoni\u0173 globos bendrija &#8222;Viltis&#8221; kartu su u\u017esienio partneriais dalyvauja ERASMUS+ programoje ir vykdo tarptautin\u012f projekt\u0105 \u201eDECIDER: speciali\u0173j\u0173 mokymosi poreiki\u0173 turin\u010di\u0173 jaunuoli\u0173, specialist\u0173, pad\u0117j\u0117j\u0173 ir t\u0117v\u0173 gyvenimo patirties gerinimas, priimant sprendimus su pagalba\u201c.<\/p>\n<p>Projekto eigoje partneriai pareng\u0117 leidin\u012f lengvai suprantama kalba apie sprendim\u0173 pri\u0117mim\u0105 su pagalba, skirt\u0105 sutrikusio intelekto asmenims.<\/p>\n<p>Si\u016blome Jums susipa\u017einti su leidinio turiniu.<\/p>\n<p><a href=\"https:\/\/viltis.lt\/lt\/wp-content\/uploads\/2022\/04\/DECIDER-ETR-FINAL-LT-march-25.pdf\" target=\"_blank\" rel=\"noopener\"><img loading=\"lazy\" decoding=\"async\" class=\"alignnone wp-image-955 size-medium\" src=\"https:\/\/viltis.lt\/lt\/wp-content\/uploads\/2022\/04\/bukletas-222x300.png\" alt=\"\" width=\"222\" height=\"300\" srcset=\"https:\/\/viltis.lt\/lt\/wp-content\/uploads\/2022\/04\/bukletas-222x300.png 222w, https:\/\/viltis.lt\/lt\/wp-content\/uploads\/2022\/04\/bukletas-67x90.png 67w, https:\/\/viltis.lt\/lt\/wp-content\/uploads\/2022\/04\/bukletas-600x812.png 600w, https:\/\/viltis.lt\/lt\/wp-content\/uploads\/2022\/04\/bukletas.png 660w\" sizes=\"auto, (max-width: 222px) 100vw, 222px\" \/><\/a><\/p>\n<p>Manome, kad leidinyje pateikta informacija pad\u0117s sutrikusio intelekto asmenims lengviau suprasti \u0161ios paslaugos privalumus ir skatins juos naudotis savo teis\u0119 gauti kit\u0173 \u017emoni\u0173 pagalb\u0105 priimant sprendimus.<\/p>\n<h1><strong>Projekto naujienos:<\/strong><\/h1>\n<blockquote class=\"wp-embedded-content\" data-secret=\"2Dj6QICt4V\"><p><a href=\"https:\/\/viltis.lt\/lt\/susitikimas-zironos-miestelyje\/\">Susitikimas \u017dironos miestelyje<\/a><\/p><\/blockquote>\n<p><iframe loading=\"lazy\" class=\"wp-embedded-content\" sandbox=\"allow-scripts\" security=\"restricted\" style=\"position: absolute; clip: rect(1px, 1px, 1px, 1px);\" title=\"&#8220;Susitikimas \u017dironos miestelyje&#8221; &#8212; Viltis.lt\" src=\"https:\/\/viltis.lt\/lt\/susitikimas-zironos-miestelyje\/embed\/#?secret=W5xJBlGXCr#?secret=2Dj6QICt4V\" data-secret=\"2Dj6QICt4V\" width=\"600\" height=\"338\" frameborder=\"0\" marginwidth=\"0\" marginheight=\"0\" scrolling=\"no\"><\/iframe><\/p>\n<blockquote class=\"wp-embedded-content\" data-secret=\"rNm8LYSRHW\"><p><a href=\"https:\/\/viltis.lt\/lt\/projekto-naujienos\/\">DECIDER projekto naujienos<\/a><\/p><\/blockquote>\n<p><iframe loading=\"lazy\" class=\"wp-embedded-content\" sandbox=\"allow-scripts\" security=\"restricted\" style=\"position: absolute; clip: rect(1px, 1px, 1px, 1px);\" title=\"&#8220;DECIDER projekto naujienos&#8221; &#8212; Viltis.lt\" src=\"https:\/\/viltis.lt\/lt\/projekto-naujienos\/embed\/#?secret=Jbf51RWBTv#?secret=rNm8LYSRHW\" data-secret=\"rNm8LYSRHW\" width=\"600\" height=\"338\" frameborder=\"0\" marginwidth=\"0\" marginheight=\"0\" scrolling=\"no\"><\/iframe><\/p>\n<blockquote class=\"wp-embedded-content\" data-secret=\"WW403oWTuK\"><p><a href=\"https:\/\/viltis.lt\/lt\/susitikimas-lenkijoje\/\">Susitikimas Lenkijoje<\/a><\/p><\/blockquote>\n<p><iframe loading=\"lazy\" class=\"wp-embedded-content\" sandbox=\"allow-scripts\" security=\"restricted\" style=\"position: absolute; clip: rect(1px, 1px, 1px, 1px);\" title=\"&#8220;Susitikimas Lenkijoje&#8221; &#8212; Viltis.lt\" src=\"https:\/\/viltis.lt\/lt\/susitikimas-lenkijoje\/embed\/#?secret=AKrI60UdP5#?secret=WW403oWTuK\" data-secret=\"WW403oWTuK\" width=\"600\" height=\"338\" frameborder=\"0\" marginwidth=\"0\" marginheight=\"0\" scrolling=\"no\"><\/iframe><\/p>\n<blockquote class=\"wp-embedded-content\" data-secret=\"js1SILI58O\"><p><a href=\"https:\/\/viltis.lt\/lt\/decider-projekto-veiklos-pirmi-rezultatai\/\">DECIDER projekto veiklos pirmi rezultatai!<\/a><\/p><\/blockquote>\n<p><iframe loading=\"lazy\" class=\"wp-embedded-content\" sandbox=\"allow-scripts\" security=\"restricted\" style=\"position: absolute; clip: rect(1px, 1px, 1px, 1px);\" title=\"&#8220;DECIDER projekto veiklos pirmi rezultatai!&#8221; &#8212; Viltis.lt\" src=\"https:\/\/viltis.lt\/lt\/decider-projekto-veiklos-pirmi-rezultatai\/embed\/#?secret=9uv4vxhjKu#?secret=js1SILI58O\" data-secret=\"js1SILI58O\" width=\"600\" height=\"338\" frameborder=\"0\" marginwidth=\"0\" marginheight=\"0\" scrolling=\"no\"><\/iframe><\/p>\n<p>&nbsp;<\/p>\n<blockquote class=\"wp-embedded-content\" data-secret=\"Sgl657rIhL\"><p><a href=\"https:\/\/viltis.lt\/lt\/decider-projektas-startavo\/\">DECIDER projektas startavo<\/a><\/p><\/blockquote>\n<p><iframe loading=\"lazy\" class=\"wp-embedded-content\" sandbox=\"allow-scripts\" security=\"restricted\" style=\"position: absolute; clip: rect(1px, 1px, 1px, 1px);\" title=\"&#8220;DECIDER projektas startavo&#8221; &#8212; Viltis.lt\" src=\"https:\/\/viltis.lt\/lt\/decider-projektas-startavo\/embed\/#?secret=EEkEy29Exx#?secret=Sgl657rIhL\" data-secret=\"Sgl657rIhL\" width=\"600\" height=\"338\" frameborder=\"0\" marginwidth=\"0\" marginheight=\"0\" scrolling=\"no\"><\/iframe><\/p>\n","protected":false},"excerpt":{"rendered":"<p>Lietuvos sutrikusio intelekto \u017emoni\u0173 globos bendrija &#8222;Viltis&#8221; kartu su u\u017esienio partneriais dalyvauja ERASMUS+ programoje ir vykdo tarptautin\u012f projekt\u0105 \u201eDECIDER: speciali\u0173j\u0173 mokymosi poreiki\u0173 turin\u010di\u0173 jaunuoli\u0173, specialist\u0173, pad\u0117j\u0117j\u0173 ir t\u0117v\u0173 gyvenimo patirties gerinimas, priimant sprendimus su pagalba\u201c. Projekto eigoje partneriai pareng\u0117 leidin\u012f lengvai suprantama kalba apie sprendim\u0173 pri\u0117mim\u0105 su pagalba, skirt\u0105 sutrikusio intelekto asmenims. Si\u016blome Jums susipa\u017einti [&hellip;]<\/p>\n","protected":false},"author":1,"featured_media":957,"parent":0,"menu_order":0,"comment_status":"closed","ping_status":"closed","template":"","meta":{"_acf_changed":false,"footnotes":""},"class_list":["post-939","page","type-page","status-publish","has-post-thumbnail","hentry"],"acf":[],"lang":"lt","translations":{"lt":939},"pll_sync_post":[],"_links":{"self":[{"href":"https:\/\/viltis.lt\/lt\/wp-json\/wp\/v2\/pages\/939","targetHints":{"allow":["GET"]}}],"collection":[{"href":"https:\/\/viltis.lt\/lt\/wp-json\/wp\/v2\/pages"}],"about":[{"href":"https:\/\/viltis.lt\/lt\/wp-json\/wp\/v2\/types\/page"}],"author":[{"embeddable":true,"href":"https:\/\/viltis.lt\/lt\/wp-json\/wp\/v2\/users\/1"}],"replies":[{"embeddable":true,"href":"https:\/\/viltis.lt\/lt\/wp-json\/wp\/v2\/comments?post=939"}],"version-history":[{"count":11,"href":"https:\/\/viltis.lt\/lt\/wp-json\/wp\/v2\/pages\/939\/revisions"}],"predecessor-version":[{"id":1255,"href":"https:\/\/viltis.lt\/lt\/wp-json\/wp\/v2\/pages\/939\/revisions\/1255"}],"wp:featuredmedia":[{"embeddable":true,"href":"https:\/\/viltis.lt\/lt\/wp-json\/wp\/v2\/media\/957"}],"wp:attachment":[{"href":"https:\/\/viltis.lt\/lt\/wp-json\/wp\/v2\/media?parent=939"}],"curies":[{"name":"wp","href":"https:\/\/api.w.org\/{rel}","templated":true}]}}