{"id":902,"date":"2022-02-21T16:32:04","date_gmt":"2022-02-21T14:32:04","guid":{"rendered":"https:\/\/viltis.lt\/lt\/?page_id=902"},"modified":"2025-09-15T11:31:28","modified_gmt":"2025-09-15T08:31:28","slug":"lengvai-suprantama-kalba","status":"publish","type":"page","link":"https:\/\/viltis.lt\/lt\/lengvai-suprantama-kalba\/","title":{"rendered":"Lengvai suprantama kalba"},"content":{"rendered":"<p><a href=\"https:\/\/viltis.lt\/lt\/wp-content\/uploads\/2025\/09\/LSK-viltis.lt_.pdf\">Trumpai apie bendrij\u0105 \u00a0\u201eViltis\u201c<\/a><\/p>\n<p><a href=\"https:\/\/viltis.lt\/lt\/wp-content\/uploads\/2022\/02\/Gaire\u0307s.pdf\" target=\"_blank\" rel=\"noopener\">Tyrimo \u201eNVO ir vietos savivaldos bendradarbiavimo&#8221; gairi\u0173 paai\u0161kinimas.<\/a><\/p>\n<p><a href=\"https:\/\/viltis.lt\/lt\/wp-content\/uploads\/2022\/02\/Rekomendacijos.pdf\" target=\"_blank\" rel=\"noopener\">Rekomendacijos savanoriams, kurie dirba su asmenimis turin\u010diais intelekto sutrikim\u0105.<\/a><\/p>\n<p><a href=\"https:\/\/viltis.lt\/lt\/wp-content\/uploads\/2023\/08\/Ka-daryti-kai-prasideda-ekstremali-situacija.pdf\" target=\"_blank\" rel=\"noopener\">K\u0105 daryti kai prasideda ekstremali situacija?<\/a><\/p>\n","protected":false},"excerpt":{"rendered":"<p>Trumpai apie bendrij\u0105 \u00a0\u201eViltis\u201c Tyrimo \u201eNVO ir vietos savivaldos bendradarbiavimo&#8221; gairi\u0173 paai\u0161kinimas. Rekomendacijos savanoriams, kurie dirba su asmenimis turin\u010diais intelekto sutrikim\u0105. K\u0105 daryti kai prasideda ekstremali situacija?<\/p>\n","protected":false},"author":1,"featured_media":0,"parent":0,"menu_order":0,"comment_status":"closed","ping_status":"closed","template":"template\/page-title-and-content-max-width.php","meta":{"_acf_changed":false,"footnotes":""},"class_list":["post-902","page","type-page","status-publish","hentry"],"acf":[],"lang":"lt","translations":{"lt":902},"pll_sync_post":[],"_links":{"self":[{"href":"https:\/\/viltis.lt\/lt\/wp-json\/wp\/v2\/pages\/902","targetHints":{"allow":["GET"]}}],"collection":[{"href":"https:\/\/viltis.lt\/lt\/wp-json\/wp\/v2\/pages"}],"about":[{"href":"https:\/\/viltis.lt\/lt\/wp-json\/wp\/v2\/types\/page"}],"author":[{"embeddable":true,"href":"https:\/\/viltis.lt\/lt\/wp-json\/wp\/v2\/users\/1"}],"replies":[{"embeddable":true,"href":"https:\/\/viltis.lt\/lt\/wp-json\/wp\/v2\/comments?post=902"}],"version-history":[{"count":11,"href":"https:\/\/viltis.lt\/lt\/wp-json\/wp\/v2\/pages\/902\/revisions"}],"predecessor-version":[{"id":1909,"href":"https:\/\/viltis.lt\/lt\/wp-json\/wp\/v2\/pages\/902\/revisions\/1909"}],"wp:attachment":[{"href":"https:\/\/viltis.lt\/lt\/wp-json\/wp\/v2\/media?parent=902"}],"curies":[{"name":"wp","href":"https:\/\/api.w.org\/{rel}","templated":true}]}}