{"id":79,"date":"2022-01-26T14:53:19","date_gmt":"2022-01-26T12:53:19","guid":{"rendered":"https:\/\/viltis.lt\/lt\/?page_id=79"},"modified":"2023-09-24T21:51:54","modified_gmt":"2023-09-24T18:51:54","slug":"vilniaus-grupinio-gyvenimo-namai","status":"publish","type":"page","link":"https:\/\/viltis.lt\/lt\/projektai\/vilniaus-grupinio-gyvenimo-namai\/","title":{"rendered":"Vilniaus grupinio gyvenimo namai"},"content":{"rendered":"<p class=\"paragraph\" style=\"margin: 0cm; margin-bottom: .0001pt; text-align: justify; vertical-align: baseline;\"><span class=\"normaltextrun\"><b>Vilniaus miesto savivaldyb\u0117s administracija \u012fgyvendina Projekt\u0105 Nr. 08.1.1-CPVA-427 \u201eVilniaus miesto bendruomenini\u0173 socialini\u0173 paslaug\u0173 tinklo k\u016brimas ir pl\u0117tra proto ir (arba) psichikos negali\u0105 turintiems asmenims\u201c Nr. 08.1.1-CPVA-427-16-0009 (Toliau- Projektas), finansuojam\u0105 pagal 2014-2020 met\u0173 Europos S\u0105jungos fond\u0173 investicij\u0173 veiksm\u0173 programos 8 prioriteto \u201eSocialin\u0117s <\/b><\/span><span class=\"spellingerror\"><b>\u012ftraukties<\/b><\/span><span class=\"normaltextrun\"><b> didinimas ir kova su skurdu\u201c \u012fgyvendinimo priemon\u0119 Nr. 08.1.1-CPVA-V-427 \u201eInstitucin\u0117s globos pertvarka: investicijos \u012f infrastrukt\u016br\u0105\u201c.\u00a0<\/b><\/span><span class=\"eop\">\u00a0<\/span><\/p>\n<p class=\"paragraph\" style=\"margin: 0cm; margin-bottom: .0001pt; text-align: justify; vertical-align: baseline;\"><span class=\"normaltextrun\"><b>Bendra projekto vert\u0117 4\u202f890 024,94 Eur, i\u0161 j\u0173 4\u202f491\u202f606,00 Eur <span style=\"color: black;\">Europos regionin\u0117s pl\u0117tros fondo l\u0117\u0161os ir 398\u202f418,94 Eur Savivaldyb\u0117s biud\u017eeto l\u0117\u0161os.<\/span><\/b><\/span><span class=\"eop\"><span style=\"color: black;\">\u00a0<\/span><\/span><\/p>\n<p class=\"paragraph\" style=\"margin: 0cm; margin-bottom: .0001pt; text-align: justify; vertical-align: baseline;\"><span class=\"eop\">\u00a0<\/span><\/p>\n<p class=\"paragraph\" style=\"margin: 0cm; margin-bottom: .0001pt; text-align: justify; vertical-align: baseline;\"><span class=\"normaltextrun\"><span style=\"color: black;\">Pagrindin\u0117 projektu sprend\u017eiama problema &#8211; Vilniaus regione asmenims, turintiems proto ir (arba) psichikos negali\u0105 (toliau \u2013 tikslin\u0117s grup\u0117s asmenys), n\u0117ra galimybi\u0173 gauti individualias pagal poreikius paslaugas ir reikiam\u0105 pagalb\u0105, \u012fsitraukti \u012f bendruomen\u0117s gyvenim\u0105 ir dalyvauti jame nepatiriant socialin\u0117s atskirties. Projektu siekiama spr\u0119sti problem\u0105, t. y. sukurti s\u0105lygas, reikalingas veiksmingam ir tvariam per\u0117jimui nuo institucin\u0117s globos prie bendruomen\u0117je teikiam\u0173 paslaug\u0173, kurios skatint\u0173 paslaugos gav\u0117j\u0173 savaranki\u0161kum\u0105 ir visapusi\u0161k\u0105 dalyvavim\u0105 bendruomen\u0117je.\u00a0<\/span><\/span><span class=\"eop\"><span style=\"color: black;\">\u00a0<\/span><\/span><\/p>\n<p class=\"paragraph\" style=\"margin: 0cm; margin-bottom: .0001pt; text-align: justify; vertical-align: baseline;\"><span class=\"eop\"><span style=\"color: black;\">\u00a0<\/span><\/span><\/p>\n<p class=\"paragraph\" style=\"margin: 0cm; margin-bottom: .0001pt; text-align: justify; vertical-align: baseline;\"><span class=\"normaltextrun\"><span style=\"color: black;\">Projekto t<\/span>ikslas &#8211; sukurti s\u0105lygas, reikalingas veiksmingam ir tvariam per\u0117jimui nuo institucin\u0117s globos prie bendruomen\u0117je teikiam\u0173 paslaug\u0173, kurios skatint\u0173 negali\u0105 turin\u010di\u0173 \u017emoni\u0173 savaranki\u0161kum\u0105 ir visapusi\u0161k\u0105 dalyvavim\u0105 bendruomen\u0117je.<\/span><span class=\"eop\">\u00a0<\/span><\/p>\n<p class=\"paragraph\" style=\"margin: 0cm; margin-bottom: .0001pt; text-align: justify; vertical-align: baseline;\"><span class=\"eop\">\u00a0<\/span><\/p>\n<p class=\"paragraph\" style=\"margin: 0cm; margin-bottom: .0001pt; text-align: justify; vertical-align: baseline;\"><span class=\"normaltextrun\"><span style=\"color: black;\">Projekto tikslui pasiekti pasitelkti 9 partneriai: <\/span>B\u012e Valakampi\u0173 socialini\u0173 paslaug\u0173 namai,\u00a0 B\u012e Vilniaus Lak\u0161tingalos namai, Sutrikusio intelekto \u017emoni\u0173 globos bendrija \u201eVilniaus Viltis\u201c, Lietuvos sutrikusio intelekto \u017emoni\u0173 globos bendrija \u201eViltis\u201c, V\u0161\u012e \u201eBetzatos bendruomen\u0117\u201c, V\u0161\u012e \u201ePagalbos ir informacijos \u0161eimai tarnyba\u201c, Lietuvos sutrikusios psichikos \u017emoni\u0173 globos bendrija, V\u0161\u012e \u201eRastis\u201c, Nijol\u0117s Genyt\u0117s socialin\u0117s globos namai.<\/span><span class=\"eop\">\u00a0<\/span><\/p>\n<p class=\"paragraph\" style=\"margin: 0cm; margin-bottom: .0001pt; text-align: justify; vertical-align: baseline;\"><span class=\"eop\">\u00a0<\/span><\/p>\n<p class=\"paragraph\" style=\"margin: 0cm; margin-bottom: .0001pt; text-align: justify; vertical-align: baseline;\"><span class=\"normaltextrun\"><span style=\"color: black;\">Projekto veikloms \u012fgyvendinti bus atlikta: 6 grupinio gyvenimo nam\u0173 statyba ir bald\u0173\/\u012frangos \u012fsigijimas, <\/span>kuriuose gyvens 60 proto negali\u0105 turin\u010di\u0173 \u017emoni\u0173<span style=\"color: black;\">; 1 savaranki\u0161ko gyvenimo nam\u0173 statyba ir bald\u0173\/ \u012frangos \u012fsigijimas, <\/span>kuriuose gyvens 10 psichikos negali\u0105 turin\u010di\u0173 \u017emoni\u0173<span style=\"color: black;\">; 2 apgyvendinimo apsaugoto b\u016bsto \u012fsigijimas\/ remontas ir bald\u0173\/ \u012frangos \u012fsigijimas, <\/span>8 psichikos negali\u0105 turintiems asmenims<span style=\"color: black;\">; 2\u00a0 dienos u\u017eimtumo centro \/ socialini\u0173 dirbtuvi\u0173 statyba ir bald\u0173\/\u012frangos \u012fsigijimas, kuriuose gyvens 40 \u017emoni\u0173; 2 socialini\u0173 dirbtuvi\u0173 statyba ir bald\u0173\/\u012frangos \u012fsigijimas 44 ne\u012fgaliems ir\u00a0 1 dienos centro statyba ir bald\u0173\/\u012frangos \u012fsigijimas, kur paslaugos bus teikiamos 20 asmen\u0173.\u00a0<\/span><\/span><span class=\"eop\"><span style=\"color: black;\">\u00a0<\/span><\/span><\/p>\n<p class=\"paragraph\" style=\"margin: 0cm; margin-bottom: .0001pt; text-align: justify; vertical-align: baseline;\"><span class=\"normaltextrun\"><span style=\"color: black;\">\u012egyvendinus Projekto veiklas, bus sukurta bendruomeninio apgyvendinimo ir dienos u\u017eimtumo paslaug\u0173 infrastrukt\u016bra Vilniaus regione.<\/span><\/span><\/p>\n<p>&nbsp;<\/p>\n<p><strong>Naujasod\u017eio g. 64 grupinio gyvenimo nam\u0173 naujienos:<\/strong><\/p>\n<p>2023-07-28 pasira\u0161yta rangos darb\u0173 sutartis su UAB \u201eProfitecha\u201c, darb\u0173 atlikimo preliminarus terminas iki 2024-01-28.<\/p>\n<p>2023-06-19 paskelbtas rangos darb\u0173 pirkimas.<\/p>\n<p>2022-12-19 vyko projekto vie\u0161inimas.<\/p>\n<p>2022-12-12\u00a0perduotas projektas ekspertizei.<\/p>\n<p>2022-06-28\u00a0pasira\u0161yta statybos techninio projekto parengimo, statyb\u0105 leid\u017eian\u010dio dokumento gavimo ir statinio projekto vykdymo prie\u017ei\u016bros paslaug\u0173 sutartis su UAB \u201ePA Group\u201c.<\/p>\n<p>&nbsp;<\/p>\n<p><strong>Pagirio g. 16 grupinio gyvenimo nam\u0173 naujienos:<\/strong><\/p>\n<p>2022-12-22 &#8211; \u00a0vyko pakartotinis projekto vie\u0161inimas<\/p>\n","protected":false},"excerpt":{"rendered":"<p>Vilniaus miesto savivaldyb\u0117s administracija \u012fgyvendina Projekt\u0105 Nr. 08.1.1-CPVA-427 \u201eVilniaus miesto bendruomenini\u0173 socialini\u0173 paslaug\u0173 tinklo k\u016brimas ir pl\u0117tra proto ir (arba) psichikos negali\u0105 turintiems asmenims\u201c Nr. 08.1.1-CPVA-427-16-0009 (Toliau- Projektas), finansuojam\u0105 pagal 2014-2020 met\u0173 Europos S\u0105jungos fond\u0173 investicij\u0173 veiksm\u0173 programos 8 prioriteto \u201eSocialin\u0117s \u012ftraukties didinimas ir kova su skurdu\u201c \u012fgyvendinimo priemon\u0119 Nr. 08.1.1-CPVA-V-427 \u201eInstitucin\u0117s globos pertvarka: investicijos [&hellip;]<\/p>\n","protected":false},"author":1,"featured_media":993,"parent":14,"menu_order":0,"comment_status":"closed","ping_status":"closed","template":"template\/page-title-and-content-max-width.php","meta":{"_acf_changed":false,"footnotes":""},"class_list":["post-79","page","type-page","status-publish","has-post-thumbnail","hentry"],"acf":[],"lang":"lt","translations":{"lt":79},"pll_sync_post":[],"_links":{"self":[{"href":"https:\/\/viltis.lt\/lt\/wp-json\/wp\/v2\/pages\/79","targetHints":{"allow":["GET"]}}],"collection":[{"href":"https:\/\/viltis.lt\/lt\/wp-json\/wp\/v2\/pages"}],"about":[{"href":"https:\/\/viltis.lt\/lt\/wp-json\/wp\/v2\/types\/page"}],"author":[{"embeddable":true,"href":"https:\/\/viltis.lt\/lt\/wp-json\/wp\/v2\/users\/1"}],"replies":[{"embeddable":true,"href":"https:\/\/viltis.lt\/lt\/wp-json\/wp\/v2\/comments?post=79"}],"version-history":[{"count":9,"href":"https:\/\/viltis.lt\/lt\/wp-json\/wp\/v2\/pages\/79\/revisions"}],"predecessor-version":[{"id":1352,"href":"https:\/\/viltis.lt\/lt\/wp-json\/wp\/v2\/pages\/79\/revisions\/1352"}],"up":[{"embeddable":true,"href":"https:\/\/viltis.lt\/lt\/wp-json\/wp\/v2\/pages\/14"}],"wp:featuredmedia":[{"embeddable":true,"href":"https:\/\/viltis.lt\/lt\/wp-json\/wp\/v2\/media\/993"}],"wp:attachment":[{"href":"https:\/\/viltis.lt\/lt\/wp-json\/wp\/v2\/media?parent=79"}],"curies":[{"name":"wp","href":"https:\/\/api.w.org\/{rel}","templated":true}]}}