{"id":77,"date":"2022-01-26T14:53:03","date_gmt":"2022-01-26T12:53:03","guid":{"rendered":"https:\/\/viltis.lt\/lt\/?page_id=77"},"modified":"2024-01-11T20:59:56","modified_gmt":"2024-01-11T18:59:56","slug":"lentvario-grupinio-gyvenimo-namai","status":"publish","type":"page","link":"https:\/\/viltis.lt\/lt\/projektai\/lentvario-grupinio-gyvenimo-namai\/","title":{"rendered":"Lentvario grupinio gyvenimo namai"},"content":{"rendered":"<p>Bendruomenini\u0173 apgyvendinimo paslaug\u0173 asmenims su proto ir (arba) psichikos negalia pl\u0117tra Trak\u0173 rajone. Projekto tikslas: \u012fkurti grupinio gyvenimo namus teikiant apgyvendinimo paslaug\u0105 ir sudarant s\u0105lygas gauti individualius poreikius atitinkan\u010dius bendruomenines paslaugas proto ir\/ar psichin\u0119 negali\u0105 turintiems suagusiems asmenims.<\/p>\n<p>Projektas apims grupinio gyvenimo nam\u0173 statyb\u0105, adresu \u2013 Trak\u0173 r. sav., Lentvario m., Smilg\u0173 g. 2., kuriame gyvens iki 10 asmen\u0173 su pagalba. Gyvenamojoje teritorijoje numatoma statyti ma\u017eaauk\u0161t\u012f gyvenam\u0105j\u012f nam\u0105 pritaikant j\u012f \u012fprastiniam gyvenimui, sutvarkant, aptveriant ir apsodinant teritorij\u0105. Pabr\u0117\u017eiame, kad planuojama pastato paskirtis \u2013 gyvenamoji, t. y. bus statoma ne institucija, o namai suteikiantys negali\u0105 turintiems asmenims galimyb\u0119 integraliai gyventi kasdienin\u012f gyvenim\u0105 bendruomen\u0117je.<\/p>\n<hr \/>\n<p class=\"has-medium-font-size\">Projekto naujienos:<\/p>\n<p>&nbsp;<br \/>\n<strong>2023-11-27 <\/strong>pasira\u0161ytas darb\u0173 perdavimo-pri\u0117mimo aktas, pastatas oficialiai pastatytas.<\/p>\n<p><strong>2023-09-20 <\/strong>rangos darbai beveik baigti.<\/p>\n<p><a href=\"https:\/\/viltis.lt\/lt\/wp-content\/uploads\/2023\/09\/380687855_1423309138229790_446297953649858701_n.jpg\"><img loading=\"lazy\" decoding=\"async\" class=\"size-medium wp-image-1349 alignleft\" src=\"https:\/\/viltis.lt\/lt\/wp-content\/uploads\/2023\/09\/380687855_1423309138229790_446297953649858701_n-300x225.jpg\" alt=\"\" width=\"300\" height=\"225\" srcset=\"https:\/\/viltis.lt\/lt\/wp-content\/uploads\/2023\/09\/380687855_1423309138229790_446297953649858701_n-300x225.jpg 300w, https:\/\/viltis.lt\/lt\/wp-content\/uploads\/2023\/09\/380687855_1423309138229790_446297953649858701_n-1024x768.jpg 1024w, https:\/\/viltis.lt\/lt\/wp-content\/uploads\/2023\/09\/380687855_1423309138229790_446297953649858701_n-768x576.jpg 768w, https:\/\/viltis.lt\/lt\/wp-content\/uploads\/2023\/09\/380687855_1423309138229790_446297953649858701_n-1536x1152.jpg 1536w, https:\/\/viltis.lt\/lt\/wp-content\/uploads\/2023\/09\/380687855_1423309138229790_446297953649858701_n-120x90.jpg 120w, https:\/\/viltis.lt\/lt\/wp-content\/uploads\/2023\/09\/380687855_1423309138229790_446297953649858701_n-600x450.jpg 600w, https:\/\/viltis.lt\/lt\/wp-content\/uploads\/2023\/09\/380687855_1423309138229790_446297953649858701_n.jpg 2048w\" sizes=\"auto, (max-width: 300px) 100vw, 300px\" \/><\/a><\/p>\n<p>&nbsp;<\/p>\n<p>&nbsp;<\/p>\n<p>&nbsp;<\/p>\n<p>&nbsp;<\/p>\n<p>&nbsp;<\/p>\n<p>&nbsp;<\/p>\n<p><strong>2022-10-25 <\/strong>pasira\u0161yta rangos darb\u0173 sutartis su UAB \u201eVT Statyba\u201c, darb\u0173 atlikimo preliminarus terminas iki 2023-09-28.<\/p>\n<p><strong>2022-09-12 <\/strong>paskelbtas rangos darb\u0173 pirkimas.<\/p>\n<p><strong>2022-05-02 <\/strong>pateiktas pra\u0161ymas i\u0161duoti statyb\u0105 leid\u017eiant\u012f dokument\u0105.<\/p>\n<p><strong>2022-04-28<\/strong> gauta ekspertiz\u0117s i\u0161vada.<\/p>\n<p><strong>2022-03-29<\/strong> perduotas projektas ekspertizei.<\/p>\n<p><strong>2021-05-20<\/strong>\u00a0pasira\u0161yta statybos techninio projekto parengimo, statyb\u0105 leid\u017eian\u010dio dokumento gavimo ir statinio projekto vykdymo prie\u017ei\u016bros paslaug\u0173 sutartis su UAB \u201ePA Group\u201c.<\/p>\n<p><strong>2021-03-31<\/strong>\u00a0paskelbtas gyvenamosios paskirties (vieno buto) pastato (6.4.), Smilg\u0173 g. 2, Lentvaryje, Trak\u0173 raj. sav. statybos techninio projekto parengimo, statyb\u0105 leid\u017eian\u010dio dokumento gavimo ir statinio projekto vykdymo prie\u017ei\u016bros paslaug\u0173 pirkimas.\u00a0<a href=\"http:\/\/www.viltis.lt\/lt\/_OLD\/projekto-naujienos\/\" target=\"_blank\" rel=\"noreferrer noopener\">Skaityti daugiau<\/a>.<\/p>\n","protected":false},"excerpt":{"rendered":"<p>Bendruomenini\u0173 apgyvendinimo paslaug\u0173 asmenims su proto ir (arba) psichikos negalia pl\u0117tra Trak\u0173 rajone. Projekto tikslas: \u012fkurti grupinio gyvenimo namus teikiant apgyvendinimo paslaug\u0105 ir sudarant s\u0105lygas gauti individualius poreikius atitinkan\u010dius bendruomenines paslaugas proto ir\/ar psichin\u0119 negali\u0105 turintiems suagusiems asmenims. Projektas apims grupinio gyvenimo nam\u0173 statyb\u0105, adresu \u2013 Trak\u0173 r. sav., Lentvario m., Smilg\u0173 g. 2., kuriame [&hellip;]<\/p>\n","protected":false},"author":1,"featured_media":986,"parent":14,"menu_order":0,"comment_status":"closed","ping_status":"closed","template":"template\/page-title-and-content-max-width.php","meta":{"_acf_changed":false,"footnotes":""},"class_list":["post-77","page","type-page","status-publish","has-post-thumbnail","hentry"],"acf":[],"lang":"lt","translations":{"lt":77},"pll_sync_post":[],"_links":{"self":[{"href":"https:\/\/viltis.lt\/lt\/wp-json\/wp\/v2\/pages\/77","targetHints":{"allow":["GET"]}}],"collection":[{"href":"https:\/\/viltis.lt\/lt\/wp-json\/wp\/v2\/pages"}],"about":[{"href":"https:\/\/viltis.lt\/lt\/wp-json\/wp\/v2\/types\/page"}],"author":[{"embeddable":true,"href":"https:\/\/viltis.lt\/lt\/wp-json\/wp\/v2\/users\/1"}],"replies":[{"embeddable":true,"href":"https:\/\/viltis.lt\/lt\/wp-json\/wp\/v2\/comments?post=77"}],"version-history":[{"count":12,"href":"https:\/\/viltis.lt\/lt\/wp-json\/wp\/v2\/pages\/77\/revisions"}],"predecessor-version":[{"id":1386,"href":"https:\/\/viltis.lt\/lt\/wp-json\/wp\/v2\/pages\/77\/revisions\/1386"}],"up":[{"embeddable":true,"href":"https:\/\/viltis.lt\/lt\/wp-json\/wp\/v2\/pages\/14"}],"wp:featuredmedia":[{"embeddable":true,"href":"https:\/\/viltis.lt\/lt\/wp-json\/wp\/v2\/media\/986"}],"wp:attachment":[{"href":"https:\/\/viltis.lt\/lt\/wp-json\/wp\/v2\/media?parent=77"}],"curies":[{"name":"wp","href":"https:\/\/api.w.org\/{rel}","templated":true}]}}