{"id":65,"date":"2022-01-26T14:05:24","date_gmt":"2022-01-26T12:05:24","guid":{"rendered":"https:\/\/viltis.lt\/lt\/?page_id=65"},"modified":"2025-10-27T11:33:09","modified_gmt":"2025-10-27T09:33:09","slug":"finansines-veiklos-ataskaitos","status":"publish","type":"page","link":"https:\/\/viltis.lt\/lt\/apie-mus\/finansines-veiklos-ataskaitos\/","title":{"rendered":"Finansin\u0117s veiklos ataskaitos"},"content":{"rendered":"<p><strong><a href=\"https:\/\/viltis.lt\/lt\/wp-content\/uploads\/2025\/10\/Finansiniu-ataskaitu-rinkinys.zip\">FINANSIN\u0116S VEIKLOS ATASKAITA U\u017d 2024 m. <\/a><\/strong><\/p>\n<p><strong><a href=\"https:\/\/viltis.lt\/lt\/wp-content\/uploads\/2024\/12\/Auditoriaus-isvadaFA_Viltis_2023-EJ.pdf\" target=\"_blank\" rel=\"noreferrer noopener\">NEPRIKLAUSOMO AUDITORIAUS I\u0160VADA 2<\/a><a href=\"https:\/\/viltis.lt\/lt\/wp-content\/uploads\/2024\/12\/Auditoriaus-isvadaFA_Viltis_2023-EJ.pdf\" target=\"_blank\" rel=\"noreferrer noopener\">023 m<\/a><\/strong>.<\/p>\n<p><strong><a href=\"https:\/\/viltis.lt\/lt\/wp-content\/uploads\/2024\/09\/2023-ataskaita.zip\" target=\"_blank\" rel=\"noreferrer noopener\">FINANSIN\u0116S VEIKLOS ATASKAITA U\u017d 2023 m<\/a><\/strong>.<\/p>\n<p><strong><a href=\"https:\/\/viltis.lt\/lt\/wp-content\/uploads\/2024\/09\/2022-ataskaita.zip\" target=\"_blank\" rel=\"noreferrer noopener\">FINANSIN\u0116S VEIKLOS ATASKAITA U\u017d 2022 m<\/a><\/strong>.<\/p>\n<p><strong><a href=\"https:\/\/viltis.lt\/lt\/wp-content\/uploads\/2022\/05\/2021.zip\" target=\"_blank\" rel=\"noreferrer noopener\">FINANSIN\u0116S VEIKLOS ATASKAITA U\u017d 2021 m<\/a><\/strong>.<\/p>\n<p><strong><a href=\"https:\/\/viltis.lt\/lt\/wp-content\/uploads\/2022\/02\/Finansine\u0307s-veiklos-patikrinimas-uz\u030c-2020-.docx.pdf\" target=\"_blank\" rel=\"noreferrer noopener\">FINANSIN\u0116S VEIKLOS ATASKAITA U\u017d 2020 m<\/a><\/strong>.<\/p>\n<p><strong><a href=\"https:\/\/viltis.lt\/lt\/wp-content\/uploads\/2022\/05\/2019.zip\" target=\"_blank\" rel=\"noreferrer noopener\">FINANSIN\u0116S VEIKLOS ATASKAITA U\u017d 2019 m<\/a><\/strong>.<\/p>\n<p><strong><a href=\"https:\/\/viltis.lt\/lt\/wp-content\/uploads\/2022\/05\/2018.zip\" target=\"_blank\" rel=\"noreferrer noopener\">FINANSIN\u0116S VEIKLOS ATASKAITA U\u017d 2018 m<\/a><\/strong>.<\/p>\n","protected":false},"excerpt":{"rendered":"<p>FINANSIN\u0116S VEIKLOS ATASKAITA U\u017d 2024 m. NEPRIKLAUSOMO AUDITORIAUS I\u0160VADA 2023 m. FINANSIN\u0116S VEIKLOS ATASKAITA U\u017d 2023 m. FINANSIN\u0116S VEIKLOS ATASKAITA U\u017d 2022 m. FINANSIN\u0116S VEIKLOS ATASKAITA U\u017d 2021 m. FINANSIN\u0116S VEIKLOS ATASKAITA U\u017d 2020 m. FINANSIN\u0116S VEIKLOS ATASKAITA U\u017d 2019 m. FINANSIN\u0116S VEIKLOS ATASKAITA U\u017d 2018 m.<\/p>\n","protected":false},"author":1,"featured_media":0,"parent":12,"menu_order":0,"comment_status":"closed","ping_status":"closed","template":"template\/page-title-and-content-max-width.php","meta":{"_acf_changed":false,"footnotes":""},"class_list":["post-65","page","type-page","status-publish","hentry"],"acf":[],"lang":"lt","translations":{"lt":65},"pll_sync_post":[],"_links":{"self":[{"href":"https:\/\/viltis.lt\/lt\/wp-json\/wp\/v2\/pages\/65","targetHints":{"allow":["GET"]}}],"collection":[{"href":"https:\/\/viltis.lt\/lt\/wp-json\/wp\/v2\/pages"}],"about":[{"href":"https:\/\/viltis.lt\/lt\/wp-json\/wp\/v2\/types\/page"}],"author":[{"embeddable":true,"href":"https:\/\/viltis.lt\/lt\/wp-json\/wp\/v2\/users\/1"}],"replies":[{"embeddable":true,"href":"https:\/\/viltis.lt\/lt\/wp-json\/wp\/v2\/comments?post=65"}],"version-history":[{"count":12,"href":"https:\/\/viltis.lt\/lt\/wp-json\/wp\/v2\/pages\/65\/revisions"}],"predecessor-version":[{"id":2060,"href":"https:\/\/viltis.lt\/lt\/wp-json\/wp\/v2\/pages\/65\/revisions\/2060"}],"up":[{"embeddable":true,"href":"https:\/\/viltis.lt\/lt\/wp-json\/wp\/v2\/pages\/12"}],"wp:attachment":[{"href":"https:\/\/viltis.lt\/lt\/wp-json\/wp\/v2\/media?parent=65"}],"curies":[{"name":"wp","href":"https:\/\/api.w.org\/{rel}","templated":true}]}}