{"id":61,"date":"2022-01-26T14:05:08","date_gmt":"2022-01-26T12:05:08","guid":{"rendered":"https:\/\/viltis.lt\/lt\/?page_id=61"},"modified":"2022-02-15T17:10:20","modified_gmt":"2022-02-15T15:10:20","slug":"garbes-nariai","status":"publish","type":"page","link":"https:\/\/viltis.lt\/lt\/apie-mus\/garbes-nariai\/","title":{"rendered":"Garb\u0117s nariai"},"content":{"rendered":"<h4>Asociacijos garb\u0117s nariai<\/h4>\n<div class=\"table\">\n<table role=\"grid\">\n<thead>\n<tr role=\"row\">\n<th colspan=\"1\" rowspan=\"1\">Nr.<\/th>\n<th colspan=\"1\" rowspan=\"1\">Vietov\u0117<\/th>\n<th colspan=\"1\" rowspan=\"1\">Vardas, pavard\u0117<\/th>\n<\/tr>\n<\/thead>\n<tbody>\n<tr>\n<td>1<\/td>\n<td>Jurbarkas<\/td>\n<td>Regina Andriu\u0161kien\u0117<\/td>\n<\/tr>\n<tr>\n<td>2<\/td>\n<td>Joni\u0161kis<\/td>\n<td>Irenijus Giedraitis<\/td>\n<\/tr>\n<tr>\n<td>3<\/td>\n<td>Lazdijai<\/td>\n<td>Vytautas Stacevi\u010dius<\/td>\n<\/tr>\n<tr>\n<td>4<\/td>\n<td>Tel\u0161iai<\/td>\n<td>Stas\u0117 Giedrien\u0117<\/td>\n<\/tr>\n<tr>\n<td>5<\/td>\n<td>Vilnius<\/td>\n<td>Birut\u0117 \u0160apolien\u0117<\/td>\n<\/tr>\n<tr>\n<td>6<\/td>\n<td>Vilnius<\/td>\n<td>Dainius P\u016bras<\/td>\n<\/tr>\n<tr>\n<td>7<\/td>\n<td>Vilnius<\/td>\n<td>Augien\u0117 Vil\u016bnien\u0117<\/td>\n<\/tr>\n<tr>\n<td>8<\/td>\n<td>JAV<\/td>\n<td>Ilona Laucius<\/td>\n<\/tr>\n<tr>\n<td>9<\/td>\n<td>JAV<\/td>\n<td>Vitas Underys<\/td>\n<\/tr>\n<\/tbody>\n<\/table>\n<\/div>\n<p>Rodomi \u012fra\u0161ai nuo 1 iki 9 i\u0161 9 \u012fra\u0161\u0173<\/p>\n<p><strong>Atnaujinta 2019-10-29<\/strong><\/p>\n","protected":false},"excerpt":{"rendered":"<p>Asociacijos garb\u0117s nariai Nr. Vietov\u0117 Vardas, pavard\u0117 1 Jurbarkas Regina Andriu\u0161kien\u0117 2 Joni\u0161kis Irenijus Giedraitis 3 Lazdijai Vytautas Stacevi\u010dius 4 Tel\u0161iai Stas\u0117 Giedrien\u0117 5 Vilnius Birut\u0117 \u0160apolien\u0117 6 Vilnius Dainius P\u016bras 7 Vilnius Augien\u0117 Vil\u016bnien\u0117 8 JAV Ilona Laucius 9 JAV Vitas Underys Rodomi \u012fra\u0161ai nuo 1 iki 9 i\u0161 9 \u012fra\u0161\u0173 Atnaujinta 2019-10-29<\/p>\n","protected":false},"author":1,"featured_media":0,"parent":12,"menu_order":0,"comment_status":"closed","ping_status":"closed","template":"template\/page-title-and-content-max-width.php","meta":{"_acf_changed":false,"footnotes":""},"class_list":["post-61","page","type-page","status-publish","hentry"],"acf":[],"lang":"lt","translations":{"lt":61},"pll_sync_post":[],"_links":{"self":[{"href":"https:\/\/viltis.lt\/lt\/wp-json\/wp\/v2\/pages\/61","targetHints":{"allow":["GET"]}}],"collection":[{"href":"https:\/\/viltis.lt\/lt\/wp-json\/wp\/v2\/pages"}],"about":[{"href":"https:\/\/viltis.lt\/lt\/wp-json\/wp\/v2\/types\/page"}],"author":[{"embeddable":true,"href":"https:\/\/viltis.lt\/lt\/wp-json\/wp\/v2\/users\/1"}],"replies":[{"embeddable":true,"href":"https:\/\/viltis.lt\/lt\/wp-json\/wp\/v2\/comments?post=61"}],"version-history":[{"count":2,"href":"https:\/\/viltis.lt\/lt\/wp-json\/wp\/v2\/pages\/61\/revisions"}],"predecessor-version":[{"id":502,"href":"https:\/\/viltis.lt\/lt\/wp-json\/wp\/v2\/pages\/61\/revisions\/502"}],"up":[{"embeddable":true,"href":"https:\/\/viltis.lt\/lt\/wp-json\/wp\/v2\/pages\/12"}],"wp:attachment":[{"href":"https:\/\/viltis.lt\/lt\/wp-json\/wp\/v2\/media?parent=61"}],"curies":[{"name":"wp","href":"https:\/\/api.w.org\/{rel}","templated":true}]}}