{"id":58,"date":"2022-01-26T14:05:01","date_gmt":"2022-01-26T12:05:01","guid":{"rendered":"https:\/\/viltis.lt\/lt\/?page_id=58"},"modified":"2025-01-06T15:09:24","modified_gmt":"2025-01-06T13:09:24","slug":"asociacijos-taryba","status":"publish","type":"page","link":"https:\/\/viltis.lt\/lt\/apie-mus\/asociacijos-taryba\/","title":{"rendered":"Asociacijos taryba"},"content":{"rendered":"<div class=\"table\">\n<table>\n<thead>\n<tr role=\"row\">\n<th colspan=\"1\" rowspan=\"1\">Vardas, pavard\u0117<\/th>\n<\/tr>\n<\/thead>\n<tbody>\n<tr>\n<td>Dana Migaliova<\/td>\n<\/tr>\n<tr>\n<td>Egl\u0117 Paulauskien\u0117<\/td>\n<\/tr>\n<tr>\n<td>Ramun\u0117 Lebedyt\u0117 Undz\u0117nien\u0117<\/td>\n<\/tr>\n<tr>\n<td>Art\u016bras Melianas<\/td>\n<\/tr>\n<tr>\n<td>J\u016brat\u0117 Matulaitien\u0117<\/td>\n<\/tr>\n<tr>\n<td>Egl\u0117 \u0160umskien\u0117<\/td>\n<\/tr>\n<tr>\n<td>Birut\u0117 Viskontien\u0117<\/td>\n<\/tr>\n<tr>\n<td>Marius Drukteinis<\/td>\n<\/tr>\n<tr>\n<td>Laima Mikul\u0117nait\u0117<\/td>\n<\/tr>\n<tr>\n<td>Roma D\u0117dynien\u0117<\/td>\n<\/tr>\n<tr>\n<td>Jana Sta\u0161evska-Kairien\u0117<\/td>\n<\/tr>\n<\/tbody>\n<\/table>\n<\/div>\n<p>Asociacijos taryba i\u0161rinkta 2023 m. spalio 27 d. visuotinio nari\u0173 susirinkimo metu.<\/p>\n","protected":false},"excerpt":{"rendered":"<p>Vardas, pavard\u0117 Dana Migaliova Egl\u0117 Paulauskien\u0117 Ramun\u0117 Lebedyt\u0117 Undz\u0117nien\u0117 Art\u016bras Melianas J\u016brat\u0117 Matulaitien\u0117 Egl\u0117 \u0160umskien\u0117 Birut\u0117 Viskontien\u0117 Marius Drukteinis Laima Mikul\u0117nait\u0117 Roma D\u0117dynien\u0117 Jana Sta\u0161evska-Kairien\u0117 Asociacijos taryba i\u0161rinkta 2023 m. spalio 27 d. visuotinio nari\u0173 susirinkimo metu.<\/p>\n","protected":false},"author":1,"featured_media":0,"parent":12,"menu_order":0,"comment_status":"closed","ping_status":"closed","template":"template\/page-title-and-content-max-width.php","meta":{"_acf_changed":false,"footnotes":""},"class_list":["post-58","page","type-page","status-publish","hentry"],"acf":[],"lang":"lt","translations":{"lt":58},"pll_sync_post":[],"_links":{"self":[{"href":"https:\/\/viltis.lt\/lt\/wp-json\/wp\/v2\/pages\/58","targetHints":{"allow":["GET"]}}],"collection":[{"href":"https:\/\/viltis.lt\/lt\/wp-json\/wp\/v2\/pages"}],"about":[{"href":"https:\/\/viltis.lt\/lt\/wp-json\/wp\/v2\/types\/page"}],"author":[{"embeddable":true,"href":"https:\/\/viltis.lt\/lt\/wp-json\/wp\/v2\/users\/1"}],"replies":[{"embeddable":true,"href":"https:\/\/viltis.lt\/lt\/wp-json\/wp\/v2\/comments?post=58"}],"version-history":[{"count":5,"href":"https:\/\/viltis.lt\/lt\/wp-json\/wp\/v2\/pages\/58\/revisions"}],"predecessor-version":[{"id":1675,"href":"https:\/\/viltis.lt\/lt\/wp-json\/wp\/v2\/pages\/58\/revisions\/1675"}],"up":[{"embeddable":true,"href":"https:\/\/viltis.lt\/lt\/wp-json\/wp\/v2\/pages\/12"}],"wp:attachment":[{"href":"https:\/\/viltis.lt\/lt\/wp-json\/wp\/v2\/media?parent=58"}],"curies":[{"name":"wp","href":"https:\/\/api.w.org\/{rel}","templated":true}]}}