{"id":56,"date":"2022-01-26T14:04:44","date_gmt":"2022-01-26T12:04:44","guid":{"rendered":"https:\/\/viltis.lt\/lt\/?page_id=56"},"modified":"2026-02-06T09:49:18","modified_gmt":"2026-02-06T07:49:18","slug":"asociacijos-nariai","status":"publish","type":"page","link":"https:\/\/viltis.lt\/lt\/apie-mus\/asociacijos-nariai\/","title":{"rendered":"Asociacijos nariai"},"content":{"rendered":"<h4>Juridiniai asmenys<\/h4>\n<div class=\"table\">\n<table>\n<thead>\n<tr role=\"row\">\n<th colspan=\"1\" rowspan=\"1\">Nr.<\/th>\n<th colspan=\"1\" rowspan=\"1\">Vietov\u0117<\/th>\n<th colspan=\"1\" rowspan=\"1\">Pirmininko vardas, pavard\u0117<\/th>\n<th colspan=\"1\" rowspan=\"1\">Telefonas<\/th>\n<th colspan=\"1\" rowspan=\"1\">El. pa\u0161to adresas<\/th>\n<th colspan=\"1\" rowspan=\"1\">Asocijuoto nario pavadinimas<\/th>\n<\/tr>\n<\/thead>\n<tbody>\n<tr>\n<td>1<\/td>\n<td>Alytaus raj.<\/td>\n<td>Danut\u0117 Laukaitien\u0117<\/td>\n<td><a href=\"tel:861473307\">061473307<\/a><\/td>\n<td><a href=\"mailto:danute.laukaitiene@gmail.com\">danute.laukaitiene@gmail.com<\/a><\/td>\n<td>Lietuvos sutrikusio intelekto \u017emoni\u0173 globos bendrijos \u201cViltis\u201d Alytaus rajono padalinys<\/td>\n<\/tr>\n<tr>\n<td>2<\/td>\n<td>Anyk\u0161\u010diai<\/td>\n<td>Asta Uselien\u0117<\/td>\n<td><a href=\"tel:867199695\">067199695<\/a><\/td>\n<td><a href=\"mailto:strele11@gmail.com\">strele11@gmail.com<\/a><\/td>\n<td>Sutrikusio intelekto \u017emoni\u0173 globos bendrija \u201cAnyk\u0161\u010di\u0173 Viltis\u201d<\/td>\n<\/tr>\n<tr>\n<td>3<\/td>\n<td>Druskininkai<\/td>\n<td>Loreta Sadauskien\u0117<\/td>\n<td><a href=\"tel:862176457\">062176457<\/a><\/td>\n<td><a href=\"mailto:drusk.viltis@gmail.com\">drusk.viltis@gmail.com<\/a><\/td>\n<td>Sutrikusio intelekto \u017emoni\u0173 globos bendrija \u201cDruskinink\u0173 viltis\u201d<\/td>\n<\/tr>\n<tr>\n<td>4<\/td>\n<td>Druskininkai<\/td>\n<td>Lilija Sereikien\u0117<\/td>\n<td><a href=\"tel:867251118\">067251118<\/a><\/td>\n<td><a href=\"mailto:drs.duc@gmail.com\">drs.duc@gmail.com<\/a><\/td>\n<td>Druskinink\u0173 \u0161eimos paramos centras<\/td>\n<\/tr>\n<tr>\n<td>5<\/td>\n<td>Elektr\u0117nai<\/td>\n<td>Kristina \u010carien\u0117<\/td>\n<td>064015804<\/td>\n<td><a href=\"mailto:elektrenuviltis@gmail.com\" target=\"_blank\" rel=\"noopener\">elektrenuviltis@gmail.com<\/a><\/td>\n<td>Sutrikusio intelekto \u017emoni\u0173 globos bendrija \u201cElektr\u0117n\u0173 Viltis\u201d<\/td>\n<\/tr>\n<tr>\n<td>6<\/td>\n<td>Jonava<\/td>\n<td>Olga Traskauskien\u0117<\/td>\n<td><a href=\"tel:860537686\">060537686<\/a><\/td>\n<td><a href=\"mailto:jonavosviltis@gmail.com\">jonavosviltis@gmail.com<\/a><\/td>\n<td>Sutrikusio intelekto \u017emoni\u0173 globos bendrija \u201cJonavos viltis\u201d<\/td>\n<\/tr>\n<tr>\n<td>7<\/td>\n<td>Joni\u0161kis<\/td>\n<td>Danut\u0117 Navickien\u0117<\/td>\n<td>061657021<\/td>\n<td>danutenav@gmail.com; info@jonpsc.lt<\/td>\n<td>Sutrikusio intelekto \u017emoni\u0173 globos bendrija \u201cJoni\u0161kio Viltis\u201d<\/td>\n<\/tr>\n<tr>\n<td>8<\/td>\n<td>Kalvarija<\/td>\n<td>Janina Augulevi\u010dien\u0117<\/td>\n<td><a href=\"tel:861045267\">061045267<\/a><\/td>\n<td><a href=\"mailto:janina.viltis@gmail.com\">janina.viltis@gmail.com<\/a><\/td>\n<td>Sutrikusio intelekto \u017emoni\u0173 globos bendrija \u201cKalvarijos Viltis\u201d<\/td>\n<\/tr>\n<tr>\n<td>9<\/td>\n<td>Kaunas<\/td>\n<td>Agn\u0117 Baronait\u0117<\/td>\n<td><a href=\"tel:862162518\">062162518<\/a><\/td>\n<td><a href=\"mailto:Kaunoviltis@gmail.com\">Kaunoviltis@gmail.com<\/a><\/td>\n<td>Sutrikusio intelekto \u017emoni\u0173 globos bendrija \u201cKauno viltis\u201d<\/td>\n<\/tr>\n<tr>\n<td>10<\/td>\n<td>Klaip\u0117da<\/td>\n<td>Janina Tulabien\u0117<\/td>\n<td><a href=\"tel:865201351\">065201351<\/a><\/td>\n<td><a href=\"mailto:janina.tulabiene@gmail.com\">janina.tulabiene@gmail.com<\/a>; <a href=\"mailto:klaipviltis@gmail.com\">klaipviltis@gmail.com<\/a><\/td>\n<td>Lietuvos sutrikusio intelekto \u017emoni\u0173 globos bendrija \u201eKlaip\u0117dos viltis\u201d<\/td>\n<\/tr>\n<tr>\n<td>11<\/td>\n<td>Klaip\u0117dos r.<br \/>\nGarg\u017edai<\/td>\n<td>Audra Jurkien\u0117<\/td>\n<td><a href=\"tel:868014878\">068014878<\/a><\/td>\n<td><a href=\"mailto:viltis_gargzdai@yahoo.co.uk\">viltis_gargzdai@yahoo.co.uk<\/a><\/td>\n<td>Sutrikusio intelekto \u017emoni\u0173 globos bendrija \u201cGarg\u017ed\u0173 viltis\u201d<\/td>\n<\/tr>\n<tr>\n<td>12<\/td>\n<td>Kretinga<\/td>\n<td>Sigut\u0117 Bendikien\u0117<\/td>\n<td><a href=\"tel:860019481\">060019481<\/a><\/td>\n<td><a href=\"mailto:kretingosviltis@gmail.com\">kretingosviltis@gmail.com<\/a><\/td>\n<td>Sutrikusio intelekto \u017emoni\u0173 globos bendrija \u201cKretingos viltis\u201d<\/td>\n<\/tr>\n<tr>\n<td>13<\/td>\n<td>Lazdijai<\/td>\n<td>Egl\u0117 Lepe\u0161kien\u0117<\/td>\n<td><a href=\"tel:868542981\">068542981<\/a><\/td>\n<td><a href=\"mailto:viltislazdijai@gmail.com\">viltislazdijai@gmail.com<\/a><\/td>\n<td>Lietuvos sutrikusio intelekto \u017emoni\u0173 globos bendrijos \u201cViltis\u201d Lazdij\u0173 padalinys<\/td>\n<\/tr>\n<tr>\n<td>14<\/td>\n<td>Marijampol\u0117<\/td>\n<td>Marija Ra\u017einskien\u0117<\/td>\n<td><a href=\"tel:869003253\">069003253<\/a><\/td>\n<td><a href=\"mailto:viltis.marijampole@gmail.com\">viltis.marijampole@gmail.com<\/a><\/td>\n<td>Lietuvos sutrikusio intelekto \u017emoni\u0173 globos bendrijos \u201cViltis\u201d Marijampol\u0117s padalinys<\/td>\n<\/tr>\n<tr>\n<td>15<\/td>\n<td>Ma\u017eeikiai<\/td>\n<td>Virginija Venalien\u0117<\/td>\n<td><a href=\"tel:861458577\">061458577<\/a><\/td>\n<td><a href=\"mailto:viltis@mzk.lt\">viltis@mzk.lt<\/a><\/td>\n<td>Sutrikusio intelekto \u017emoni\u0173 globos bendrija \u201cMa\u017eeiki\u0173 Viltis\u201d<\/td>\n<\/tr>\n<tr>\n<td>16<\/td>\n<td>Mol\u0117tai<\/td>\n<td>Renata Bilinskien\u0117<\/td>\n<td><a href=\"tel:060080769\">060080769<\/a><\/td>\n<td><a href=\"mailto:viltismoletai@gmail.com\">viltismoletai@gmail.com<\/a><\/td>\n<td>Sutrikusio intelekto \u017emoni\u0173 globos bendrija \u201cMol\u0117t\u0173 viltis\u201d<\/td>\n<\/tr>\n<tr>\n<td>17<\/td>\n<td>Pakruojis<\/td>\n<td>Nijol\u0117 \u017di\u016bkien\u0117<\/td>\n<td><a href=\"tel:868213427\">068213427<\/a><\/td>\n<td><a href=\"mailto:ziukienee@gmail.com\">ziukienee@gmail.com<\/a><\/td>\n<td>Sutrikusio intelekto \u017emoni\u0173 globos bendrija \u201cPakruojo viltis\u201d<\/td>\n<\/tr>\n<tr>\n<td>18<\/td>\n<td>Palanga<\/td>\n<td>Laima Lekavi\u010dien\u0117<\/td>\n<td><a href=\"tel:868794207\">068794207<\/a><\/td>\n<td><a href=\"mailto:laima.pastas@gmail.com\">laima.pastas@gmail.com<\/a><\/td>\n<td>Sutrikusio intelekto \u017emoni\u0173 globos bendrija \u201cPalangos viltis\u201d<\/td>\n<\/tr>\n<tr>\n<td>19<\/td>\n<td>Panev\u0117\u017eys<\/td>\n<td>Rasa Remeikien\u0117<\/td>\n<td><a href=\"tel:861739099\">061739099<\/a><\/td>\n<td><a href=\"mailto:panevezio.viltis@gmail.com\">panevezio.viltis@gmail.com<\/a><\/td>\n<td>Sutrikusio intelekto \u017emoni\u0173 globos bendrija \u201cPanev\u0117\u017eio viltis\u201d<\/td>\n<\/tr>\n<tr>\n<td>20<\/td>\n<td>Panev\u0117\u017eys<\/td>\n<td>Laima Bir\u017eietien\u0117<\/td>\n<td><a href=\"tel:845552551\">045552551<\/a><\/td>\n<td><a href=\"mailto:pan.viltiesnamai@gmail.com\">pan.viltiesnamai@gmail.com<\/a><\/td>\n<td>V\u0161\u012e &#8222;Vilties namai&#8221;<\/td>\n<\/tr>\n<tr>\n<td>21<\/td>\n<td>Plung\u0117<\/td>\n<td>Romualda \u0160imkuvien\u0117<\/td>\n<td><a href=\"tel:860405434\">060405434<\/a><\/td>\n<td><a href=\"mailto:plungesviltis@gmail.com\">plungesviltis@gmail.com<\/a><\/td>\n<td>Sutrikusio intelekto \u017emoni\u0173 globos bendrija \u201cPlung\u0117s Viltis\u201d<\/td>\n<\/tr>\n<tr>\n<td>22<\/td>\n<td>Radvili\u0161kis<\/td>\n<td>Danut\u0117 Janu\u0161auskien\u0117<\/td>\n<td><a href=\"tel:\">062083248<\/a><\/td>\n<td><a href=\"mailto:danute.janusauskiene@gmail.com\">danute.janusauskiene@gmail.com<\/a><\/td>\n<td>Sutrikusio intelekto \u017emoni\u0173 globos bendrija \u201cRadvili\u0161kio Viltis\u201d<\/td>\n<\/tr>\n<tr>\n<td>23<\/td>\n<td>Raseiniai<\/td>\n<td>Sigita \u0160idlauskien\u0117<\/td>\n<td><a href=\"tel:861590745\">061590745<\/a><\/td>\n<td><a href=\"mailto:sigita.sidlauskiene@gmail.com\">sigita.sidlauskiene@gmail.com<\/a><\/td>\n<td>Sutrikusio intelekto \u017emoni\u0173 globos bendrija \u201cRaseini\u0173 viltis\u201d<\/td>\n<\/tr>\n<tr>\n<td>24<\/td>\n<td>Rietavas<\/td>\n<td>Ang\u0117l\u0117 Arien\u0117<\/td>\n<td><a href=\"tel:861672602\">061672602<\/a><\/td>\n<td><a href=\"mailto:angele.ariene@gmail.com\">angele.ariene@gmail.com<\/a><\/td>\n<td>Sutrikusio intelekto \u017emoni\u0173 globos bendrija \u201cRietavo Viltis\u201d<\/td>\n<\/tr>\n<tr>\n<td>25<\/td>\n<td>Skuodas<\/td>\n<td>Jadze Don\u0117lien\u0117<\/td>\n<td><a href=\"tel:862040603\">062040603<\/a><\/td>\n<td><a href=\"mailto:skuodoviltis@gmail.com\">skuodoviltis@gmail.com<\/a><\/td>\n<td>Sutrikusio intelekto \u017emoni\u0173 globos bendrija \u201cSkuodo Viltis\u201d<\/td>\n<\/tr>\n<tr>\n<td>26<\/td>\n<td>\u0160akiai<\/td>\n<td>Roma D\u0117dynien\u0117<\/td>\n<td><a href=\"tel:861640738\">061640738<\/a><\/td>\n<td><a href=\"mailto:roma.dedyniene@gmail.com\">roma.dedyniene@gmail.com<\/a><\/td>\n<td>Sutrikusio intelekto \u017emoni\u0173 globos bendrija \u201c\u0160aki\u0173 Viltis\u201d<\/td>\n<\/tr>\n<tr>\n<td>27<\/td>\n<td>\u0160al\u010dininkai<\/td>\n<td>Ana Kislovska<\/td>\n<td><a href=\"tel:861153265\">061153265<\/a><\/td>\n<td><a href=\"mailto:a.kislovska@yahoo.com\">a.kislovska@yahoo.com<\/a><\/td>\n<td>Lietuvos sutrikusio intelekto \u017emoni\u0173 globos bendrijos \u201cViltis\u201d \u0160al\u010dinink\u0173 padalinys<\/td>\n<\/tr>\n<tr>\n<td>28<\/td>\n<td>\u0160iauliai<\/td>\n<td>Dal\u0117 Vy\u0161tartien\u0117<\/td>\n<td><a href=\"tel:865786741\">065786741<\/a><\/td>\n<td><a href=\"mailto:viltis@splius.lt\">viltis@splius.lt<\/a><\/td>\n<td>Sutrikusio intelekto \u017emoni\u0173 globos bendrija \u201c\u0160iauli\u0173 Viltis\u201d<\/td>\n<\/tr>\n<tr>\n<td>29<\/td>\n<td>\u0160iauli\u0173 r.<\/td>\n<td>Vilma Palubinskien\u0117<\/td>\n<td><a href=\"tel:865642179\">065642179<\/a><\/td>\n<td><a href=\"mailto:kursenuviltis@gmail.com\">kursenuviltis@gmail.com<\/a><\/td>\n<td>Sutrikusio intelekto \u017emoni\u0173 globos bendrija \u201c\u0160iauli\u0173 rajono Viltis\u201d<\/td>\n<\/tr>\n<tr>\n<td>30<\/td>\n<td>\u0160ilut\u0117<\/td>\n<td>Egl\u0117 Paulauskien\u0117<\/td>\n<td><a href=\"tel:868671966\">068671966<\/a><\/td>\n<td><a href=\"mailto:silutesviltis@gmail.com\">silutesviltis@gmail.com<\/a><\/td>\n<td>Sutrikusio intelekto \u017emoni\u0173 globos bendrija \u201c\u0160ilut\u0117s Viltis\u201d<\/td>\n<\/tr>\n<tr>\n<td>31<\/td>\n<td>\u0160ven\u010dionys<\/td>\n<td>Zinaida Mironenko<\/td>\n<td><a href=\"tel:869909946\">069909946<\/a><\/td>\n<td><a href=\"mailto:mironenko6@gmail.com\">mironenko6@gmail.com<\/a><\/td>\n<td>Sutrikusio intelekto \u017emoni\u0173 globos bendrija \u201eViltis\u201d \u0160ven\u010dioni\u0173 skyrius<\/td>\n<\/tr>\n<tr>\n<td>32<\/td>\n<td>Taurag\u0117<\/td>\n<td>Dainora Jonait\u0117<\/td>\n<td><\/td>\n<td>dainora.jonaite@gmail.com<\/td>\n<td>Sutrikusio intelekto \u017emoni\u0173 globos bendrija \u201cTaurag\u0117s Viltis\u201d<\/td>\n<\/tr>\n<tr>\n<td>33<\/td>\n<td>Tel\u0161iai<\/td>\n<td>Au\u0161ra Motuzait\u0117<\/td>\n<td><a href=\"tel:868309421\">068309421<\/a><\/td>\n<td><a href=\"mailto:vsncskyrius@gmail.com\" target=\"_blank\" rel=\"noopener\">vsncskyrius@gmail.com<\/a><\/td>\n<td>Sutrikusio intelekto \u017emoni\u0173 globos bendrija \u201cTel\u0161i\u0173 viltis\u201d<\/td>\n<\/tr>\n<tr>\n<td>34<\/td>\n<td>Ukmerg\u0117<\/td>\n<td>Stas\u0117 Vil\u010dinskien\u0117<\/td>\n<td><a href=\"tel:868546696\">068546696<\/a><\/td>\n<td><a href=\"mailto:s.vilcinskiene@gmail.com\">s.vilcinskiene@gmail.com<\/a><\/td>\n<td>Sutrikusio intelekto \u017emoni\u0173 globos bendrija \u201cUkmerg\u0117s Viltis\u201d<\/td>\n<\/tr>\n<tr>\n<td>35<\/td>\n<td>Utena<\/td>\n<td>Aldona V\u0117brien\u0117<\/td>\n<td><a href=\"tel:865063220\">065063220<\/a><\/td>\n<td><a href=\"mailto:utenosviltis@gmail.com\">utenosviltis@gmail.com<\/a><\/td>\n<td>Sutrikusio intelekto \u017emoni\u0173 globos bendrija \u201cUtenos Viltis\u201d<\/td>\n<\/tr>\n<tr>\n<td>36<\/td>\n<td>Var\u0117na<\/td>\n<td>Nijol\u0117 Versockien\u0117<\/td>\n<td><a href=\"tel:861646825\">061646825<\/a><\/td>\n<td><a href=\"mailto:viltis@varena.lt\">viltis@varena.lt<\/a><\/td>\n<td>Lietuvos sutrikusio intelekto \u017emoni\u0173 globos bendrijos \u201cViltis\u201d Var\u0117nos padalinys<\/td>\n<\/tr>\n<tr>\n<td>37<\/td>\n<td>Vilnius<\/td>\n<td>Giedrius Bagdonas<\/td>\n<td><a href=\"tel:868550603\">068550603<\/a><\/td>\n<td><a href=\"mailto:info@vilniausviltis.lt\">info@vilniausviltis.lt<\/a><\/td>\n<td>Sutrikusio intelekto \u017emoni\u0173 globos bendrija \u201cVilniaus Viltis\u201d<\/td>\n<\/tr>\n<tr>\n<td>38<\/td>\n<td>Vilnius<\/td>\n<td>J\u016brat\u0117 Matulaitien\u0117<\/td>\n<td><a href=\"tel:852334708\">052334708<\/a><\/td>\n<td><a href=\"mailto:viltiesakimirka@viltis.lt\">viltiesakimirka@viltis.lt<\/a><\/td>\n<td>V\u0161\u012e &#8222;Vilties akimirka&#8221;<\/td>\n<\/tr>\n<tr>\n<td>39<\/td>\n<td>Visaginas<\/td>\n<td>Tatjana Pulenko<\/td>\n<td><a href=\"http:\/\/865781977\">065781977<\/a><\/td>\n<td><a href=\"visaginoviltis1@gmail.com\">visaginoviltis1@gmail.com<\/a><\/td>\n<td>Sutrikusio intelekto \u017emoni\u0173 globos bendrija \u201cVisagino Viltis\u201d<\/td>\n<\/tr>\n<tr>\n<td>40<\/td>\n<td>Zarasai<\/td>\n<td>Rasa Jur\u0161ien\u0117<\/td>\n<td><a href=\"tel:861010754\">061010754<\/a><\/td>\n<td><a href=\"mailto:rasa@zarasubiblioteka.lt\">rasa@zarasubiblioteka.lt<\/a><\/td>\n<td>Sutrikusio intelekto \u017emoni\u0173 globos bendrija \u201cZaras\u0173 Viltis\u201d<\/td>\n<\/tr>\n<tr>\n<td>41<\/td>\n<td>Garg\u017edai<\/td>\n<td>Rekvita Bagdonien\u0117<\/td>\n<td><a href=\"tel:860411555\">060411555<\/a><\/td>\n<td><a href=\"mailto:revilitavsi@gmail.com\">revilitavsi@gmail.com<\/a><\/td>\n<td>V\u0161\u012e &#8222;Revilita&#8221;<\/td>\n<\/tr>\n<tr>\n<td>42<\/td>\n<td>Kaunas<\/td>\n<td>Lucija Jurgelaitien\u0117<\/td>\n<td><a href=\"tel:837756207\">037756207<\/a><\/td>\n<td><a href=\"mailto:info@viltiesziedas.lt\">info@viltiesziedas.lt<\/a><\/td>\n<td>V\u0161\u012e &#8222;Vilties \u017eiedas&#8221;<\/td>\n<\/tr>\n<tr>\n<td>43<\/td>\n<td>Paneve\u017eio raj.<\/td>\n<td>Rasa Remeikien\u0117<\/td>\n<td><a href=\"tel:861739099\">061739099<\/a><\/td>\n<td><a href=\"mailto:vilties.sodas@gmail.com\">vilties.sodas@gmail.com<\/a><\/td>\n<td>V\u0161\u012e &#8222;Vilties sodas&#8221;<\/td>\n<\/tr>\n<tr>\n<td>44<\/td>\n<td>Ma\u017eeikiai<\/td>\n<td>Lijana V\u0117li\u016bt\u0117-Balzerien\u0117<\/td>\n<td>044355182<\/td>\n<td>info@viltieserdve.lt<\/td>\n<td>V\u0161\u012e &#8222;Vilties erdv\u0117&#8221;<\/td>\n<\/tr>\n<\/tbody>\n<\/table>\n<\/div>\n<p><strong>Tarp j\u0173 Asociacij\u0173 &#8211; 38, Vie\u0161\u0173j\u0173 \u012fstaig\u0173 &#8211; 6<br \/>\n<\/strong>Atnaujinta 2026-02-05<\/p>\n<h4>Fiziniai asmenys<\/h4>\n<div class=\"table\">\n<table>\n<thead>\n<tr role=\"row\">\n<th colspan=\"1\" rowspan=\"1\">Nr.<\/th>\n<th colspan=\"1\" rowspan=\"1\">Vietov\u0117<\/th>\n<th colspan=\"1\" rowspan=\"1\">Vardas, pavard\u0117<\/th>\n<th colspan=\"1\" rowspan=\"1\">Telefonas<\/th>\n<th colspan=\"1\" rowspan=\"1\">El. pa\u0161to adresas<\/th>\n<\/tr>\n<\/thead>\n<tbody>\n<tr>\n<td>1<\/td>\n<td>Klaip\u0117da<\/td>\n<td>Marius Drukteinis<\/td>\n<td><\/td>\n<td><\/td>\n<\/tr>\n<tr>\n<td>2<\/td>\n<td>Vilnius<\/td>\n<td>Ramun\u0117 Lebedyt\u0117 Undz\u0117nien\u0117<\/td>\n<td><\/td>\n<td><\/td>\n<\/tr>\n<tr>\n<td>3<\/td>\n<td>Vilnius<\/td>\n<td>Loreta Mulkyt\u0117<\/td>\n<td><a href=\"tel:860638265\">060638265<\/a><\/td>\n<td><\/td>\n<\/tr>\n<tr>\n<td>4<\/td>\n<td>Vilnius<\/td>\n<td>A. Vasenko<\/td>\n<td><a href=\"tel:867951564\">067951564<\/a><\/td>\n<td><\/td>\n<\/tr>\n<tr>\n<td>5<\/td>\n<td>Vilnius<\/td>\n<td>Egl\u0117 \u0160umskien\u0117<\/td>\n<td><\/td>\n<td><\/td>\n<\/tr>\n<tr>\n<td>6<\/td>\n<td>Vilnius<\/td>\n<td>Marija B\u017eezinska<\/td>\n<td><a href=\"tel:868824469\">068824469<\/a><\/td>\n<td><\/td>\n<\/tr>\n<tr>\n<td>7<\/td>\n<td>Vilnius<\/td>\n<td>Raminta \u010cepulien\u0117<\/td>\n<td><\/td>\n<\/tr>\n<tr>\n<td>8<\/td>\n<td>Vilnius<\/td>\n<td>Kornelija Krutulyt\u0117<\/td>\n<td><\/td>\n<td><\/td>\n<\/tr>\n<\/tbody>\n<\/table>\n<\/div>\n<p><strong>Atnaujinta 2023-10-27<\/strong><\/p>\n","protected":false},"excerpt":{"rendered":"<p>Juridiniai asmenys Nr. Vietov\u0117 Pirmininko vardas, pavard\u0117 Telefonas El. pa\u0161to adresas Asocijuoto nario pavadinimas 1 Alytaus raj. Danut\u0117 Laukaitien\u0117 061473307 danute.laukaitiene@gmail.com Lietuvos sutrikusio intelekto \u017emoni\u0173 globos bendrijos \u201cViltis\u201d Alytaus rajono padalinys 2 Anyk\u0161\u010diai Asta Uselien\u0117 067199695 strele11@gmail.com Sutrikusio intelekto \u017emoni\u0173 globos bendrija \u201cAnyk\u0161\u010di\u0173 Viltis\u201d 3 Druskininkai Loreta Sadauskien\u0117 062176457 drusk.viltis@gmail.com Sutrikusio intelekto \u017emoni\u0173 globos bendrija [&hellip;]<\/p>\n","protected":false},"author":1,"featured_media":0,"parent":12,"menu_order":0,"comment_status":"closed","ping_status":"closed","template":"","meta":{"_acf_changed":false,"footnotes":""},"class_list":["post-56","page","type-page","status-publish","hentry"],"acf":[],"lang":"lt","translations":{"lt":56},"pll_sync_post":[],"_links":{"self":[{"href":"https:\/\/viltis.lt\/lt\/wp-json\/wp\/v2\/pages\/56","targetHints":{"allow":["GET"]}}],"collection":[{"href":"https:\/\/viltis.lt\/lt\/wp-json\/wp\/v2\/pages"}],"about":[{"href":"https:\/\/viltis.lt\/lt\/wp-json\/wp\/v2\/types\/page"}],"author":[{"embeddable":true,"href":"https:\/\/viltis.lt\/lt\/wp-json\/wp\/v2\/users\/1"}],"replies":[{"embeddable":true,"href":"https:\/\/viltis.lt\/lt\/wp-json\/wp\/v2\/comments?post=56"}],"version-history":[{"count":38,"href":"https:\/\/viltis.lt\/lt\/wp-json\/wp\/v2\/pages\/56\/revisions"}],"predecessor-version":[{"id":2126,"href":"https:\/\/viltis.lt\/lt\/wp-json\/wp\/v2\/pages\/56\/revisions\/2126"}],"up":[{"embeddable":true,"href":"https:\/\/viltis.lt\/lt\/wp-json\/wp\/v2\/pages\/12"}],"wp:attachment":[{"href":"https:\/\/viltis.lt\/lt\/wp-json\/wp\/v2\/media?parent=56"}],"curies":[{"name":"wp","href":"https:\/\/api.w.org\/{rel}","templated":true}]}}