{"id":2107,"date":"2025-12-23T12:02:57","date_gmt":"2025-12-23T10:02:57","guid":{"rendered":"https:\/\/viltis.lt\/lt\/?page_id=2107"},"modified":"2025-12-23T12:47:32","modified_gmt":"2025-12-23T10:47:32","slug":"zmoniu-su-negalia-igalinimas-ugdant-darbo-igudzius-ir-stiprinant-lenkijos-ir-lietuvos-partneriu-bendradarbiavima","status":"publish","type":"page","link":"https:\/\/viltis.lt\/lt\/projektai\/vykdomi-projektai\/zmoniu-su-negalia-igalinimas-ugdant-darbo-igudzius-ir-stiprinant-lenkijos-ir-lietuvos-partneriu-bendradarbiavima\/","title":{"rendered":"\u017dmoni\u0173 su negalia \u012fgalinimas ugdant darbo \u012fg\u016bd\u017eius ir stiprinant Lenkijos ir Lietuvos partneri\u0173 bendradarbiavim\u0105"},"content":{"rendered":"<p>Gerbiami bendrijos nariai, nuo \u0161i\u0173 met\u0173 lapkri\u010dio m\u0117nes\u012f prad\u0117jome vykdyti projekt\u0105, apie kur\u012f norime pasidalinti su Jumis visais.<\/p>\n<p><strong>Projekto pavadinimas: <\/strong>,,\u017dmoni\u0173 su negalia \u012fgalinimas ugdant darbo \u012fg\u016bd\u017eius ir stiprinant Lenkijos ir Lietuvos partneri\u0173 bendradarbiavim\u0105,, (eng. \u2018\u2018Empower persons with disabilities to develop labor skills through\u00a0 strengthening of cooperation between Polish and Lithuanian partners\u201c)<\/p>\n<p><strong>Projekto numeris: <\/strong>LTPL00477<\/p>\n<p><strong>Projekto trukm\u0117: <\/strong>2025-11-01 \u2013 2027-10-31<\/p>\n<p><strong>Projekto partneriai:<\/strong><\/p>\n<p>Lietuvos sutrikusio intelekto \u017emoni\u0173 globos bendrija <strong>\u201e<\/strong>Viltis\u201c (Lietuva)<\/p>\n<p>Stowarzyszenie Wspierania Aktywno\u015bci Niepe\u0142nosprawnych Intelektualnie AKTYWNI (Lenkija)<\/p>\n<p><strong>Projekto apra\u0161ymas:<\/strong><\/p>\n<p>Lietuvos sutrikusio intelekto \u017emoni\u0173 globos bendrija <strong>\u201e<\/strong>Viltis\u201c ir Stowarzyszenie Wspierania Aktywno\u015bci Niepe\u0142nosprawnych Intelektualnie AKTYWNI \u012fgyvendina bendr\u0105 projekt\u0105, kuriuo siekiama pagerinti Vilniaus ir Balstog\u0117s regionuose gyvenan\u010di\u0173 \u017emoni\u0173 su intelekto negalia gyvenimo kokyb\u0119, stiprinant \u0161i\u0173 asmen\u0173 darbinius \u012fg\u016bd\u017eius (sodo, patalp\u0173 valymo ir kavos ruo\u0161imo darb\u0173) ir sudarant palankesnes galimybes j\u0173 socialinei \u012ftrauk\u010diai.<\/p>\n<p>Projektas grind\u017eiamas tarpvalstybiniu bendradarbiavimu, gerosios patirties mainais, bendromis mokym\u0173 ir praktini\u0173 veikl\u0173 iniciatyvomis, kurios pad\u0117s stiprinti dalyvi\u0173 savaranki\u0161kum\u0105, pasitik\u0117jim\u0105 savimi ir galimybes integruotis \u012f darbo rink\u0105.<\/p>\n<p><strong>Projekto tikslas:<\/strong><\/p>\n<p>Pagerinti Vilniaus ir Balstog\u0117s regionuose gyvenan\u010di\u0173 \u017emoni\u0173 su intelekto negalia gyvenimo kokyb\u0119, stiprinant \u0161i\u0173 asmen\u0173 darbinius \u012fg\u016bd\u017eius, skatinant socialin\u0119 \u012ftraukt\u012f ir galimybes integruotis \u012f darbo rink\u0105.<\/p>\n<p><strong>Projekto tikslin\u0117 grup\u0117:<\/strong><\/p>\n<p>\u017dmon\u0117s su intelekto negalia i\u0161 Balstog\u0117s ir Vilniaus region\u0173.<\/p>\n<p><strong>Numatomi projekto rezultatai:<\/strong><\/p>\n<ul>\n<li>Sustiprintas ,,Viltis\u201c ir AKTYWNI organizacij\u0173 bendradarbiavimas vykdant bendras veiklas projekto metu.<\/li>\n<li>Parengtas \u201eDarbuotojo \/ Darbdavio gidas: darbuotoj\u0173 su intelekto negalia mokymo pagrindai\u201c, kuriame pateikiamos rekomendacijos darbuotoj\u0173 mokymui ir profesini\u0173 \u012fg\u016bd\u017ei\u0173 lavinimui sodo, patalp\u0173 valymo ir kavos ruo\u0161imo darbuose.<\/li>\n<li>Padidintos asmen\u0173 su intelekto negalia kompetencijos, savaranki\u0161kumas ir galimyb\u0117s \u012fsitraukti \u012f darbo rink\u0105.<\/li>\n<li>Sustiprinta \u017emoni\u0173 su intelekto negalia socialin\u0117 \u012ftrauktis.<\/li>\n<\/ul>\n<p>Projektas finansuojamas Europos regionin\u0117s pl\u0117tros fondo (ERPF) l\u0117\u0161omis pagal Interreg VI-A Lietuvos ir Lenkijos program\u0105.<\/p>\n<p>Daugiau informacijos apie Interreg VI-A Lietuvos ir Lenkijos program\u0105: <a href=\"http:\/\/www.lietuva-polska.eu\"><strong>www.lietuva-polska.eu<\/strong><\/a><\/p>\n<p>Bendrijos ,,Viltis\u201c informacija<\/p>\n<p><a href=\"https:\/\/viltis.lt\/lt\/wp-content\/uploads\/2025\/12\/Paveikslelis1.jpg\"><img loading=\"lazy\" decoding=\"async\" class=\"alignnone wp-image-2108\" src=\"https:\/\/viltis.lt\/lt\/wp-content\/uploads\/2025\/12\/Paveikslelis1-300x91.jpg\" alt=\"\" width=\"540\" height=\"164\" srcset=\"https:\/\/viltis.lt\/lt\/wp-content\/uploads\/2025\/12\/Paveikslelis1-300x91.jpg 300w, https:\/\/viltis.lt\/lt\/wp-content\/uploads\/2025\/12\/Paveikslelis1-1024x310.jpg 1024w, https:\/\/viltis.lt\/lt\/wp-content\/uploads\/2025\/12\/Paveikslelis1-768x233.jpg 768w, https:\/\/viltis.lt\/lt\/wp-content\/uploads\/2025\/12\/Paveikslelis1-297x90.jpg 297w, https:\/\/viltis.lt\/lt\/wp-content\/uploads\/2025\/12\/Paveikslelis1-600x182.jpg 600w, https:\/\/viltis.lt\/lt\/wp-content\/uploads\/2025\/12\/Paveikslelis1.jpg 1182w\" sizes=\"auto, (max-width: 540px) 100vw, 540px\" \/><\/a><\/p>\n","protected":false},"excerpt":{"rendered":"<p>Gerbiami bendrijos nariai, nuo \u0161i\u0173 met\u0173 lapkri\u010dio m\u0117nes\u012f prad\u0117jome vykdyti projekt\u0105, apie kur\u012f norime pasidalinti su Jumis visais. Projekto pavadinimas: ,,\u017dmoni\u0173 su negalia \u012fgalinimas ugdant darbo \u012fg\u016bd\u017eius ir stiprinant Lenkijos ir Lietuvos partneri\u0173 bendradarbiavim\u0105,, (eng. \u2018\u2018Empower persons with disabilities to develop labor skills through\u00a0 strengthening of cooperation between Polish and Lithuanian partners\u201c) Projekto numeris: LTPL00477 [&hellip;]<\/p>\n","protected":false},"author":1,"featured_media":0,"parent":1840,"menu_order":0,"comment_status":"closed","ping_status":"closed","template":"","meta":{"_acf_changed":false,"footnotes":""},"class_list":["post-2107","page","type-page","status-publish","hentry"],"acf":[],"lang":"lt","translations":{"lt":2107},"pll_sync_post":[],"_links":{"self":[{"href":"https:\/\/viltis.lt\/lt\/wp-json\/wp\/v2\/pages\/2107","targetHints":{"allow":["GET"]}}],"collection":[{"href":"https:\/\/viltis.lt\/lt\/wp-json\/wp\/v2\/pages"}],"about":[{"href":"https:\/\/viltis.lt\/lt\/wp-json\/wp\/v2\/types\/page"}],"author":[{"embeddable":true,"href":"https:\/\/viltis.lt\/lt\/wp-json\/wp\/v2\/users\/1"}],"replies":[{"embeddable":true,"href":"https:\/\/viltis.lt\/lt\/wp-json\/wp\/v2\/comments?post=2107"}],"version-history":[{"count":2,"href":"https:\/\/viltis.lt\/lt\/wp-json\/wp\/v2\/pages\/2107\/revisions"}],"predecessor-version":[{"id":2112,"href":"https:\/\/viltis.lt\/lt\/wp-json\/wp\/v2\/pages\/2107\/revisions\/2112"}],"up":[{"embeddable":true,"href":"https:\/\/viltis.lt\/lt\/wp-json\/wp\/v2\/pages\/1840"}],"wp:attachment":[{"href":"https:\/\/viltis.lt\/lt\/wp-json\/wp\/v2\/media?parent=2107"}],"curies":[{"name":"wp","href":"https:\/\/api.w.org\/{rel}","templated":true}]}}