{"id":1474,"date":"2024-07-10T11:38:21","date_gmt":"2024-07-10T08:38:21","guid":{"rendered":"https:\/\/viltis.lt\/lt\/?page_id=1474"},"modified":"2025-10-29T09:32:15","modified_gmt":"2025-10-29T07:32:15","slug":"together-kartu-perejimas-prie-efektyvios-ir-tvarios-socialines-globos","status":"publish","type":"page","link":"https:\/\/viltis.lt\/lt\/projektai\/together-kartu-perejimas-prie-efektyvios-ir-tvarios-socialines-globos\/","title":{"rendered":"&#8222;TOGETHER&#8221; &#8211; KARTU &#8211; per\u0117jimas prie efektyvios ir tvarios socialin\u0117s globos"},"content":{"rendered":"<p>Gerb. Bendrijos Viltis nariai,<\/p>\n<p>Nuo 2023 met\u0173 bendrija \u201cViltis\u201d kartu su partneriais i\u0161 \u010cekijos, Slovakijos, Belgijos ir Rumunijos dalyvauja projekte \u201cTOGETHER\u201d \u2013 KARTU (per\u0117jimas prie efektyvios ir tvarios socialin\u0117s globos).<\/p>\n<p>Projekto eigoje partneriai pateikia informacij\u0105 apie institucin\u0117s globos sistemos pertvark\u0105 savo \u0161alyje ir pareng\u0117 Institucin\u0117s globos pertvarkos proceso vadybos vadov\u0105 \u2013 Deinstitutionalisation Management Guide. Projekto partneriai gal\u0117s papildyti vadybos vadov\u0105 po pilotini\u0173 mokym\u0173 apie pertvarkos vadyb\u0105 2024 met\u0173 pabaigoje ir parengs jo galutin\u012f variant\u0105.<\/p>\n<p>Pilotin\u0117se mokymuose Prahoje dalyvaus bendrijos Viltis, grupinio gyvenimo nam\u0173 ir Valakampi\u0173 socialini\u0173 paslaug\u0173 nam\u0173 atstovai. Po mokym\u0173 kiekvienas partneris parengs tekstus ir mokym\u0173 dalom\u0105j\u0105 med\u017eiag\u0105 nacionaline kalba. 2025 metais pavasar\u012f planuojama organizuoti mokymus apie institucin\u0117s globos pertvarkos proceso vadyb\u0105 suinteresuotiems dalyviams Lietuvoje.<\/p>\n<p>Si\u016blome susipa\u017einti su pertvarkos proceso vadybos vadovo turiniu lietuvi\u0173 kalba ir juodra\u0161tiniu vadovo variantu angl\u0173 kalba. Jeigu susidom\u0117jote turinio pavadinimu, ra\u0161ykite, pasistengsime pateikti vertim\u0105.<\/p>\n<p>Klausimus ir patarimus pra\u0161ome si\u0173sti adresu viltis@viltis.lt<\/p>\n<p>Linkime visiems gra\u017eios vasaros!<\/p>\n<p>Bendrijos \u201eViltis\u201c informacija<\/p>\n<p><a href=\"https:\/\/viltis.lt\/lt\/wp-content\/uploads\/2024\/07\/Ekrano-kopija-130.png\"><img loading=\"lazy\" decoding=\"async\" class=\"alignnone size-medium wp-image-1479\" src=\"https:\/\/viltis.lt\/lt\/wp-content\/uploads\/2024\/07\/Ekrano-kopija-130-300x90.png\" alt=\"\" width=\"300\" height=\"90\" srcset=\"https:\/\/viltis.lt\/lt\/wp-content\/uploads\/2024\/07\/Ekrano-kopija-130-300x90.png 300w, https:\/\/viltis.lt\/lt\/wp-content\/uploads\/2024\/07\/Ekrano-kopija-130-600x180.png 600w, https:\/\/viltis.lt\/lt\/wp-content\/uploads\/2024\/07\/Ekrano-kopija-130.png 616w\" sizes=\"auto, (max-width: 300px) 100vw, 300px\" \/><\/a><\/p>\n<p><a href=\"https:\/\/viltis.lt\/lt\/wp-content\/uploads\/2024\/07\/DI-PREFINAL-guide.docx\">DI-PREFINAL guide<\/a><\/p>\n<p><a href=\"https:\/\/di-club.ghost.io\/\">Internetin\u0117s platformos nuoroda<\/a><\/p>\n<p><a href=\"https:\/\/viltis.lt\/lt\/wp-content\/uploads\/2025\/10\/DI-pertvarkos-gaires-LT-kalba.pdf\">Gair\u0117s \u201eDARYKITE DABAR\u201c<\/a><\/p>\n<blockquote class=\"wp-embedded-content\" data-secret=\"3UFIQFkySp\"><p><a href=\"https:\/\/viltis.lt\/lt\/ketinate-dalyvauti-dideliu-socialines-globos-instituciju-pertvarkoje-pradekite-veikti\/\">Ketinate dalyvauti dideli\u0173 socialin\u0117s globos institucij\u0173 pertvarkoje \u2013 prad\u0117kite veikti!<\/a><\/p><\/blockquote>\n<p><iframe loading=\"lazy\" class=\"wp-embedded-content\" sandbox=\"allow-scripts\" security=\"restricted\" style=\"position: absolute; visibility: hidden;\" title=\"&#8220;Ketinate dalyvauti dideli\u0173 socialin\u0117s globos institucij\u0173 pertvarkoje \u2013 prad\u0117kite veikti!&#8221; &#8212; Viltis.lt\" src=\"https:\/\/viltis.lt\/lt\/ketinate-dalyvauti-dideliu-socialines-globos-instituciju-pertvarkoje-pradekite-veikti\/embed\/#?secret=kmYew5XLFG#?secret=3UFIQFkySp\" data-secret=\"3UFIQFkySp\" width=\"600\" height=\"338\" frameborder=\"0\" marginwidth=\"0\" marginheight=\"0\" scrolling=\"no\"><\/iframe><\/p>\n<blockquote class=\"wp-embedded-content\" data-secret=\"bC6poG8dqE\"><p><a href=\"https:\/\/viltis.lt\/lt\/rumunijoje-ivyko-baigiamasis-projekto-togetherplus-partneriu-susitikimas\/\">Rumunijoje \u012fvyko baigiamasis projekto \u201eTogetherplus\u201c partneri\u0173 susitikimas<\/a><\/p><\/blockquote>\n<p><iframe loading=\"lazy\" class=\"wp-embedded-content\" sandbox=\"allow-scripts\" security=\"restricted\" style=\"position: absolute; visibility: hidden;\" title=\"&#8220;Rumunijoje \u012fvyko baigiamasis projekto \u201eTogetherplus\u201c partneri\u0173 susitikimas&#8221; &#8212; Viltis.lt\" src=\"https:\/\/viltis.lt\/lt\/rumunijoje-ivyko-baigiamasis-projekto-togetherplus-partneriu-susitikimas\/embed\/#?secret=EqV3dH6aUx#?secret=bC6poG8dqE\" data-secret=\"bC6poG8dqE\" width=\"600\" height=\"338\" frameborder=\"0\" marginwidth=\"0\" marginheight=\"0\" scrolling=\"no\"><\/iframe><\/p>\n<blockquote class=\"wp-embedded-content\" data-secret=\"zmRPCEwThT\"><p><a href=\"https:\/\/viltis.lt\/lt\/pertvarkos-platforma-deinstitutionalization-platform\/\">Pertvarkos platforma\u00a0 \/ Deinstitutionalization platform<\/a><\/p><\/blockquote>\n<p><iframe loading=\"lazy\" class=\"wp-embedded-content\" sandbox=\"allow-scripts\" security=\"restricted\" style=\"position: absolute; visibility: hidden;\" title=\"&#8220;Pertvarkos platforma\u00a0 \/ Deinstitutionalization platform&#8221; &#8212; Viltis.lt\" src=\"https:\/\/viltis.lt\/lt\/pertvarkos-platforma-deinstitutionalization-platform\/embed\/#?secret=au6M8MxY3E#?secret=zmRPCEwThT\" data-secret=\"zmRPCEwThT\" width=\"600\" height=\"338\" frameborder=\"0\" marginwidth=\"0\" marginheight=\"0\" scrolling=\"no\"><\/iframe><\/p>\n<blockquote class=\"wp-embedded-content\" data-secret=\"XW2K0LB1YW\"><p><a href=\"https:\/\/viltis.lt\/lt\/projekto-kartu-together-mokymai-prahoje\/\">Projekto \u201eKartu\u201c (\u201eTogether\u201c) mokymai Prahoje<\/a><\/p><\/blockquote>\n<p><iframe loading=\"lazy\" class=\"wp-embedded-content\" sandbox=\"allow-scripts\" security=\"restricted\" style=\"position: absolute; visibility: hidden;\" title=\"&#8220;Projekto \u201eKartu\u201c (\u201eTogether\u201c) mokymai Prahoje&#8221; &#8212; Viltis.lt\" src=\"https:\/\/viltis.lt\/lt\/projekto-kartu-together-mokymai-prahoje\/embed\/#?secret=FYqJAHQhee#?secret=XW2K0LB1YW\" data-secret=\"XW2K0LB1YW\" width=\"600\" height=\"338\" frameborder=\"0\" marginwidth=\"0\" marginheight=\"0\" scrolling=\"no\"><\/iframe><\/p>\n","protected":false},"excerpt":{"rendered":"<p>Gerb. Bendrijos Viltis nariai, Nuo 2023 met\u0173 bendrija \u201cViltis\u201d kartu su partneriais i\u0161 \u010cekijos, Slovakijos, Belgijos ir Rumunijos dalyvauja projekte \u201cTOGETHER\u201d \u2013 KARTU (per\u0117jimas prie efektyvios ir tvarios socialin\u0117s globos). Projekto eigoje partneriai pateikia informacij\u0105 apie institucin\u0117s globos sistemos pertvark\u0105 savo \u0161alyje ir pareng\u0117 Institucin\u0117s globos pertvarkos proceso vadybos vadov\u0105 \u2013 Deinstitutionalisation Management Guide. Projekto [&hellip;]<\/p>\n","protected":false},"author":1,"featured_media":1476,"parent":14,"menu_order":1,"comment_status":"closed","ping_status":"closed","template":"","meta":{"_acf_changed":false,"footnotes":""},"class_list":["post-1474","page","type-page","status-publish","has-post-thumbnail","hentry"],"acf":[],"lang":"lt","translations":{"lt":1474},"pll_sync_post":[],"_links":{"self":[{"href":"https:\/\/viltis.lt\/lt\/wp-json\/wp\/v2\/pages\/1474","targetHints":{"allow":["GET"]}}],"collection":[{"href":"https:\/\/viltis.lt\/lt\/wp-json\/wp\/v2\/pages"}],"about":[{"href":"https:\/\/viltis.lt\/lt\/wp-json\/wp\/v2\/types\/page"}],"author":[{"embeddable":true,"href":"https:\/\/viltis.lt\/lt\/wp-json\/wp\/v2\/users\/1"}],"replies":[{"embeddable":true,"href":"https:\/\/viltis.lt\/lt\/wp-json\/wp\/v2\/comments?post=1474"}],"version-history":[{"count":10,"href":"https:\/\/viltis.lt\/lt\/wp-json\/wp\/v2\/pages\/1474\/revisions"}],"predecessor-version":[{"id":2067,"href":"https:\/\/viltis.lt\/lt\/wp-json\/wp\/v2\/pages\/1474\/revisions\/2067"}],"up":[{"embeddable":true,"href":"https:\/\/viltis.lt\/lt\/wp-json\/wp\/v2\/pages\/14"}],"wp:featuredmedia":[{"embeddable":true,"href":"https:\/\/viltis.lt\/lt\/wp-json\/wp\/v2\/media\/1476"}],"wp:attachment":[{"href":"https:\/\/viltis.lt\/lt\/wp-json\/wp\/v2\/media?parent=1474"}],"curies":[{"name":"wp","href":"https:\/\/api.w.org\/{rel}","templated":true}]}}