{"id":12,"date":"2022-01-25T12:26:43","date_gmt":"2022-01-25T10:26:43","guid":{"rendered":"https:\/\/viltis.lt\/lt\/?page_id=12"},"modified":"2024-12-01T23:00:32","modified_gmt":"2024-12-01T21:00:32","slug":"apie-mus","status":"publish","type":"page","link":"https:\/\/viltis.lt\/lt\/apie-mus\/","title":{"rendered":"Apie mus"},"content":{"rendered":"<p>1989 m. lapkrit\u012f \u012fsik\u016brusi visuomenin\u0117 organizacija &#8211; <strong>Lietuvos sutrikusio intelekto \u017emoni\u0173 globos bendrija \u201eViltis\u201c<\/strong>\u00a0\u2013 nuo pat pirm\u0173j\u0173 gyvavimo dien\u0173 dr\u0105siai prabilo apie b\u016btinyb\u0119 sugr\u0105\u017einti sutrikusios raidos asmenis \u012f visuomen\u0119.<\/p>\n<p>Nuo to laiko ji tapo pa\u017eangi\u0173, bet nelengvai prigyjan\u010di\u0173 reform\u0173 iniciator\u0117 bei skatintoja. Kurdama bendruomenini\u0173 tarnyb\u0173 tinkl\u0105 sutrikusios raidos \u017emon\u0117ms ir j\u0173 \u0161eimoms, bendrija nuolat siek\u0117 ir tebesiekia dialogo ir su \u012fstatymus leid\u017eian\u010diosios bei vykdan\u010diosios vald\u017eios institucijomis, ir su giminingomis Lietuvos bei u\u017esienio organizacijomis, ir su pla\u010di\u0105ja visuomene.<\/p>\n<p>\u0160iuo metu bendrijos \u201eViltis\u201c teisin\u0117 forma \u2013 asociacija, kuri\u0105 sudaro 55 asocijuoti nariai i\u0161 \u012fvairi\u0173 \u0161alies rajon\u0173 ir miest\u0173. Ji vienija daugiau nei 11 000 nari\u0173: sutrikusios raidos vaik\u0173, jaunuoli\u0173 ir suaugusi\u0173j\u0173, j\u0173 \u0161eimos nari\u0173 bei glob\u0117j\u0173 ir specialist\u0173.<\/p>\n<p>Veikdama atvirumo bei socialin\u0117s partneryst\u0117s principais, bendrija \u201eViltis\u201c tapo aktyvia valstybin\u0117s Ne\u012fgali\u0173j\u0173 socialin\u0117s integracijos programos vykdytoja. Jos \u012fgyvendinami projektai ir teikiamos paslaugos skirtos ne tik bendrijos nariams, bet ir visos Lietuvos sutrikusios raidos \u017emon\u0117ms, j\u0173 \u0161eimoms bei glob\u0117jams.<\/p>\n<p><iframe loading=\"lazy\" title=\"Lietuvos sutrikusio intelekto \u017emoni\u0173 globos bendrija \u201eViltis\u201c\" width=\"1050\" height=\"591\" src=\"https:\/\/www.youtube.com\/embed\/WrdSF9wVpog?feature=oembed\" frameborder=\"0\" allow=\"accelerometer; autoplay; clipboard-write; encrypted-media; gyroscope; picture-in-picture; web-share\" referrerpolicy=\"strict-origin-when-cross-origin\" allowfullscreen><\/iframe><\/p>\n<p><iframe loading=\"lazy\" title=\"Kartu su nepriklausomybe gim\u0117 Viltis\" width=\"1050\" height=\"788\" src=\"https:\/\/www.youtube.com\/embed\/keOu1a35OVw?feature=oembed\" frameborder=\"0\" allow=\"accelerometer; autoplay; clipboard-write; encrypted-media; gyroscope; picture-in-picture; web-share\" referrerpolicy=\"strict-origin-when-cross-origin\" allowfullscreen><\/iframe><\/p>\n<p><strong>Jonas Ru\u0161kus, Vytauto Did\u017eiojo universiteto studij\u0173 prorektorius:<\/strong>\u00a0\u201e(\u2026) Bendrija \u201eViltis\u201c man visuomet buvo pavyzdys, kaip gali gimti ir augti institucija, besiremianti \u017emoni\u0173 poreikiais bei bendra iniciatyva. Stebuklas, kad visuomen\u0117s pa\u017eeid\u017eiamieji, o neretai ir atstumtieji, atpa\u017e\u012fsta savo pad\u0117t\u012f ir poreikius, buriasi ir inicijuoja poky\u010dius.<br \/>\nBendrija \u201eViltis\u201c man niekada nebuvo tik ne\u012fgali\u0173j\u0173 ir j\u0173 t\u0117v\u0173 ratelis. Ji tapo stipriu politiniu instrumentu, i\u0161 esm\u0117s pakeitusiu Lietuvos specialiojo ugdymo ir globos institucij\u0173 \u017eem\u0117lap\u012f. Bendrija gim\u0117 ne i\u0161or\u0117s projekt\u0173 iniciatyva, ne d\u0117l finans\u0173 paie\u0161kos. Ji atsirado d\u0117l esminio susir\u016bpinimo \u017emogaus teisi\u0173 pad\u0117timi Lietuvoje.<br \/>\nIr \u0161iandien \u017emogaus teis\u0117s teb\u0117ra vienas esmini\u0173 bendrijos \u201eViltis\u201c interes\u0173. Tai liudija apie jos pilietin\u012f s\u0105moningum\u0105 ir brand\u0105. \u0160i branda \u012fgyta ne i\u0161 vadov\u0117li\u0173, o i\u0161 realios asmenin\u0117s, neretai skaud\u017eios, patirties. J\u016bs esate vieni i\u0161 t\u0173, kuriems \u017emogaus teis\u0117s \u2013 ne abstrakti s\u0105voka, bet prioritetinis Lietuvos r\u016bpestis, poreikis ir siekis (\u2026)\u201c<br \/>\n<strong>Vytautas Stacevi\u010dius, bendrijos \u201eLazdij\u0173 Viltis\u201c buv\u0119s pirmasis ir ilgametis pirmininkas:<\/strong>\u00a0\u201e(\u2026) Veiklos prad\u017eioje bendrija \u201eViltis\u201c man buvo lyg \u0161viesulys, lyg \u201eLaim\u0117s \u017eiburys\u201c, \u012f kurio vir\u0161\u016bn\u0119 u\u017ekop\u0119s, regis, pasieksi savo tiksl\u0105. Tik svarbiausia, kad koptum ne vienas, o su dideliu bendramin\u010di\u0173 b\u016briu. Tro\u0161kome, kad m\u016bs\u0173 at\u017eal\u0117l\u0117s \u012fgyt\u0173 \u017emogaus status\u0105, kad nuo j\u0173 gyvenimo lang\u0173 b\u016bt\u0173 nuimtos grotos (\u2026)\u201c<br \/>\n<strong>Stas\u0117 Giedrien\u0117, bendrijos \u201eTel\u0161i\u0173 Vilties\u201c pirminink\u0117<\/strong>: \u201e(\u2026) \u0160iandien neturime joki\u0173 garantij\u0173 d\u0117l vyresnio am\u017eiaus sutrikusio intelekto asmen\u0173 likimo. \u0160tai ir v\u0117l nauja u\u017eduotis \u201eVil\u010diai\u201c! Ir v\u0117l mes \u2013 \u201eledlau\u017eiai\u201c, privalantys stengtis, kad ne tik jaunesni ne\u012fgalieji b\u016bt\u0173 ugdomi. Juk vaikai greitai auga. O kas toliau? T\u0117vai negyvens su saule\u2026 Tad ir v\u0117l, kaip prie\u0161 20 met\u0173, liekame patys vieni su savo problema, nes pensionatai \u2013 ne i\u0161eitis. Kas ir k\u0105 padarys, jei ne \u201eViltis\u201c? Kada tikroji integracija bus prieinama visiems ne\u012fgaliesiems?\u201c<\/p>\n<p><strong>Birut\u0117 \u0160apolien\u0117, bendrijos \u201eVilniaus viltis\u201c pirminink\u0117:<\/strong>\u00a0\u201e(\u2026) I\u0161 prad\u017ei\u0173 \u201eViltis\u201c buvo atgaiva sielai, pasidid\u017eiavimas, kad esame j\u0117ga. Buvo saugu jausti, kad tu ne vienas, kad yra \u017emoni\u0173, kurie tave supranta ir pad\u0117s b\u0117doje. Viskas buvo \u012fdomu, nauja, nepatirta: ir pirmosios mi\u0161ios u\u017e m\u016bs\u0173 vaikus, ir pirmasis i\u0161\u0117jimas \u012f kavin\u0119, ir pirmasis susirinkimas ar tarybos pos\u0117dis. Buvome visi vieningi, draugi\u0161ki, pasireng\u0119 pad\u0117ti, u\u017ejausti, atiduoti visas j\u0117gas, energij\u0105, kad tik m\u016bs\u0173 \u201eam\u017ein\u0173j\u0173 vaik\u0173\u201c gyvenimas b\u016bt\u0173 geresnis. Jau gana anksti supratome, kad nor\u0117dami pakeisti savo ir savo vaik\u0173 gyvenim\u0105 turime veikti patys, nes niekas kitas to u\u017e mus nepadarys. Turime kovoti u\u017e savo vaik\u0173 teis\u0119 b\u016bti savo \u0161alies pilie\u010diais, gyventi kokybi\u0161k\u0105 gyvenim\u0105 kiekvienu am\u017eiaus tarpsniu (\u2026)\u201c<\/p>\n<p><strong>Maryt\u0117 Pocien\u0117, bendrijos \u201e\u0160iauli\u0173 Vilties\u201c pirminink\u0117:<\/strong>\u00a0\u201e(\u2026) Ta\u010diau net pra\u0117jus daugiau nei 20 met\u0173 nuo bendrijos \u201eViltis\u201c \u012fsik\u016brimo nesu rami d\u0117l dukros ateities (kai jau nebegal\u0117siu ja pasir\u016bpinti ir pri\u017ei\u016br\u0117ti). Jau\u010diuosi nusivylusi, kad savaranki\u0161ko gyvenimo namai pritaikyti tik lengvesn\u0119 proto negali\u0105 turintiems \u017emon\u0117ms. O tiems, kurie net negali pasakyti, kas jiems yra ir kas juos skriaud\u017eia, geriausiu atveju tenka gyventi dideliuose valstybiniuose pensionatuose (\u2026)\u201c<\/p>\n<p><strong>Dana Migaliova, Asociacijos vadov\u0117:<\/strong>\u00a0\u201e(\u2026) Labai da\u017enai nusvyra rankos, kai savivaldyb\u0117s, auk\u0161\u010diausio lygio valstybin\u0117s strukt\u016bros, rengia programas ir stato ugdymo \u012fstaigas, net nepasiklaususios konkre\u010di\u0173 paslaug\u0173 vartotoj\u0173, kokie i\u0161 tikr\u0173j\u0173 yra j\u0173 poreikiai, kaip jie nor\u0117t\u0173 gyventi. Net nesusim\u0105stoma apie tai, kad jie gal\u0117t\u0173 patys prisid\u0117ti ir tapti ne vien vartotojais, bet aktyviais bendruomen\u0117s bei visuomen\u0117s nariais. Europoje ir pasaulyje jau seniai vadovaujamasi po\u017ei\u016briu \u2013 \u201eNieko ne\u012fgaliesiems be ne\u012fgali\u0173j\u0173\u201c. Deja, Lietuvoje jo teisingumo vis dar nenorima pripa\u017einti.<\/p>\n<p>\u0160iandien pagrindinis m\u016bs\u0173 tikslas tur\u0117t\u0173 b\u016bti\u00a0<strong>VIENYB\u0116<\/strong>. Vienyb\u0117 pa\u010diais \u012fvairiausiais lygmenimis: ir organizacijos viduje, ir bendradarbiaujant su kitomis nevyriausybin\u0117mis organizacijomis, ir su \u012fstatymus leid\u017eian\u010diosios bei vykdan\u010diosios vald\u017eios institucijomis. Laikykim\u0117s, nes neturime kur trauktis, nes m\u016bs\u0173 darbas b\u016btinas m\u016bs\u0173 \u201eam\u017einiems vaikams\u201c. Saugokime tai, k\u0105 suk\u016br\u0117me, svajokime ir paverskime tikrove vis naujas svajones (\u2026)\u201c<\/p>\n<p><strong>M\u016aS\u0172 VIZIJA<\/strong>\u00a0\u2013 b\u016bti pagrindiniu veiksniu, u\u017etikrinan\u010diu sutrikusio intelekto \u017emoni\u0173 lygiateis\u012f ir visavert\u012f dalyvavim\u0105 visuomen\u0117s gyvenime, atstovauti \u0161i\u0173 \u017emoni\u0173 ir j\u0173 \u0161eim\u0173 interesus visuose lygmenyse bei ginti j\u0173 pilietines,socialines ir \u017emogaus teises.<br \/>\nVisuomenin\u0117 organizacija \u2013 bendrija\u201eViltis\u201c \u012fkurta 1989 m.lapkri\u010dio m\u0117nes\u012f. 55 asocijuotieji organizacijos nariai vienija vir\u0161 11 t\u016bkstan\u010di\u0173 sutrikusio intelekto \u017emoni\u0173, j\u0173 t\u0117v\u0173 ar glob\u0117j\u0173.<\/p>\n<p><strong>TIKSLAI<\/strong>\u00a0\u2013 telkti Lietuvos Respublikoje gyvenan\u010dius sutrikusios intelekto vaikus, jaunuolius ir suaugusiuosius, j\u0173 \u0161eimas, glob\u0117jus bei kitus j\u0173 interesais veikian\u010dius asmenis.<br \/>\nSiekti visapusi\u0161kos sutrikusio intelekto \u017emoni\u0173 integracijos \u012f visuomen\u0119.<br \/>\nSkatinti intelekto sutrikim\u0173 ekologin\u0119, medicinin\u0119, socialin\u0119 prevencij\u0105, kuo ankstesn\u012f jo nustatym\u0105.<br \/>\nSkatinti sutrikusio intelekto \u017emoni\u0173 reabilitacijos metod\u0173 pl\u0117tr\u0105 ir praktin\u012f j\u0173 \u012fgyvendinim\u0105.<br \/>\nGinti sutrikusio intelekto vaik\u0173, jaunuoli\u0173 bei suaugusi\u0173j\u0173 ir j\u0173 \u0161eim\u0173 socialines ir pilietines teises, laisves ir orum\u0105, tenkinti j\u0173 socialinius, kult\u016brinius bei kitokius poreikius.<br \/>\nSukurti palankias s\u0105lygas prievoli\u0173 atlikimui, pasirinkimui, dalyvumui visuomen\u0117s gyvenime.<\/p>\n<p><strong>VEIKLOS KRYPTYS<\/strong>\u00a0\u2013 steigiamos naujos grup\u0117s, klas\u0117s bendrojo lavinimo ir specialiosiose ugdymo \u012fstaigose sutrikusios intelekto ikimokyklinio bei mokyklinio am\u017eiaus vaikams ugdyti.<br \/>\nSteigiami dienos u\u017eimtumo centrai, \u0161eimos paramos centrai kuriuose lavinami sutrikusio intelekto jaunuoli\u0173 socialiniai ir darbiniai \u012fg\u016bd\u017eiai.<br \/>\nVykdoma ilgalaik\u0117 teisin\u0117 programa, siekianti sukurti nauj\u0105 ne\u012fgalaus \u017emogaus teisi\u0173 samprat\u0105,sav\u0119s atstovavimo principus.<br \/>\nPle\u010diamas stacionari\u0173 ir nestacionari\u0173 bendruomenini\u0173 socialini\u0173 paslaug\u0173 teikimas sutrikusio intelekto \u017emon\u0117ms, j\u0173 t\u0117vams ir glob\u0117jams.<br \/>\nVietose buriamos t\u0117v\u0173 savitarpio paramos grup\u0117s, siekiant \u012fveikti kriz\u0119 \u0161eimoje, paai\u0161k\u0117jus, kad vaikas yra ne\u012fgalus.<br \/>\nKuriamas transporto paslaug\u0173 tarnyb\u0173 tinklas sutrikusio intelekto \u017emon\u0117ms, d\u0117l negalios pob\u016bd\u017eio negalintiems naudotis visuomeninio transporto paslaugomis.<br \/>\n\u0160eimoms ir sutrikusio intelekto \u017emon\u0117ms suteikiama galimyb\u0117 tobul\u0117ti ir ils\u0117tis vasaros poilsio psichosocialin\u0117s reabilitacijos stovyklose paj\u016bryje.<br \/>\nRengiami seminarai, kvalifikacijos k\u0117limo kursai specialistams ir savanoriams dirbantiems su sutrikusio intelekto \u017emon\u0117mis.Organizuojami mokymai t\u0117vams. Leid\u017eiamas \u017eurnalas \u201eViltis\u201c.<br \/>\nAktyviai dirbama tarptautiniuose projektuose, dalijam\u0117s patirtimi su Ryt\u0173,Vidurio Europos,Azijos ir Balkan\u0173 \u0161alimis.<\/p>\n<p>Bendrija \u201eViltis\u201c bendradarbiauja su visoje \u0161alyje veikian\u010diomis sutrikusio intelekto \u017emon\u0117ms skirtomis tarnybomis, kurios buvo \u012fkurtos organizacijos iniciatyva, vietos savivaldyb\u0117mis, mokslo, sveikatos prie\u017ei\u016bros, socialini\u0173 paslaug\u0173 \u012fstaigomis, su kitomis nevyriausybin\u0117mis organizacijomis.Yra tarptautini\u0173 organizacij\u0173 tikroji nar\u0117.<\/p>\n<p>&nbsp;<\/p>\n","protected":false},"excerpt":{"rendered":"<p>1989 m. lapkrit\u012f \u012fsik\u016brusi visuomenin\u0117 organizacija &#8211; Lietuvos sutrikusio intelekto \u017emoni\u0173 globos bendrija \u201eViltis\u201c\u00a0\u2013 nuo pat pirm\u0173j\u0173 gyvavimo dien\u0173 dr\u0105siai prabilo apie b\u016btinyb\u0119 sugr\u0105\u017einti sutrikusios raidos asmenis \u012f visuomen\u0119. Nuo to laiko ji tapo pa\u017eangi\u0173, bet nelengvai prigyjan\u010di\u0173 reform\u0173 iniciator\u0117 bei skatintoja. Kurdama bendruomenini\u0173 tarnyb\u0173 tinkl\u0105 sutrikusios raidos \u017emon\u0117ms ir j\u0173 \u0161eimoms, bendrija nuolat siek\u0117 [&hellip;]<\/p>\n","protected":false},"author":1,"featured_media":102,"parent":0,"menu_order":0,"comment_status":"closed","ping_status":"closed","template":"template\/page-title-and-content-max-width.php","meta":{"_acf_changed":false,"footnotes":""},"class_list":["post-12","page","type-page","status-publish","has-post-thumbnail","hentry"],"acf":[],"lang":"lt","translations":{"lt":12,"en":1975},"pll_sync_post":[],"_links":{"self":[{"href":"https:\/\/viltis.lt\/lt\/wp-json\/wp\/v2\/pages\/12","targetHints":{"allow":["GET"]}}],"collection":[{"href":"https:\/\/viltis.lt\/lt\/wp-json\/wp\/v2\/pages"}],"about":[{"href":"https:\/\/viltis.lt\/lt\/wp-json\/wp\/v2\/types\/page"}],"author":[{"embeddable":true,"href":"https:\/\/viltis.lt\/lt\/wp-json\/wp\/v2\/users\/1"}],"replies":[{"embeddable":true,"href":"https:\/\/viltis.lt\/lt\/wp-json\/wp\/v2\/comments?post=12"}],"version-history":[{"count":8,"href":"https:\/\/viltis.lt\/lt\/wp-json\/wp\/v2\/pages\/12\/revisions"}],"predecessor-version":[{"id":1631,"href":"https:\/\/viltis.lt\/lt\/wp-json\/wp\/v2\/pages\/12\/revisions\/1631"}],"wp:featuredmedia":[{"embeddable":true,"href":"https:\/\/viltis.lt\/lt\/wp-json\/wp\/v2\/media\/102"}],"wp:attachment":[{"href":"https:\/\/viltis.lt\/lt\/wp-json\/wp\/v2\/media?parent=12"}],"curies":[{"name":"wp","href":"https:\/\/api.w.org\/{rel}","templated":true}]}}