{"id":1142,"date":"2022-10-23T14:19:08","date_gmt":"2022-10-23T11:19:08","guid":{"rendered":"https:\/\/viltis.lt\/lt\/?page_id=1142"},"modified":"2022-11-29T07:58:52","modified_gmt":"2022-11-29T05:58:52","slug":"nacionaliniu-ir-regioniniu-nvo-stiprinimas","status":"publish","type":"page","link":"https:\/\/viltis.lt\/lt\/nacionaliniu-ir-regioniniu-nvo-stiprinimas\/","title":{"rendered":"Nacionalini\u0173 ir regionini\u0173 NVO stiprinimas"},"content":{"rendered":"<p>Lietuvos sutrikusio intelekto \u017emoni\u0173 globos bendrija \u201eViltis\u201c nuo 2022 m. gegu\u017e\u0117s 16 d. iki 2022 met\u0173 gruod\u017eio 31 d. vykd\u0117 projekt\u0105: \u201eNacionalini\u0173 ir regionini\u0173 NVO stiprinimas\u201c.<\/p>\n<p>Projektas buvo organizuojamas kartu su:<\/p>\n<p><img loading=\"lazy\" decoding=\"async\" class=\"alignnone size-medium wp-image-1137\" src=\"https:\/\/viltis.lt\/lt\/wp-content\/uploads\/2022\/10\/SADM-logo_herbas-300x110.png\" alt=\"\" width=\"300\" height=\"110\" srcset=\"https:\/\/viltis.lt\/lt\/wp-content\/uploads\/2022\/10\/SADM-logo_herbas-300x110.png 300w, https:\/\/viltis.lt\/lt\/wp-content\/uploads\/2022\/10\/SADM-logo_herbas-1024x376.png 1024w, https:\/\/viltis.lt\/lt\/wp-content\/uploads\/2022\/10\/SADM-logo_herbas-768x282.png 768w, https:\/\/viltis.lt\/lt\/wp-content\/uploads\/2022\/10\/SADM-logo_herbas-1536x564.png 1536w, https:\/\/viltis.lt\/lt\/wp-content\/uploads\/2022\/10\/SADM-logo_herbas-245x90.png 245w, https:\/\/viltis.lt\/lt\/wp-content\/uploads\/2022\/10\/SADM-logo_herbas-600x221.png 600w, https:\/\/viltis.lt\/lt\/wp-content\/uploads\/2022\/10\/SADM-logo_herbas.png 2000w\" sizes=\"auto, (max-width: 300px) 100vw, 300px\" \/><\/p>\n<p>Projektas finansuotas Nacionalini\u0173 nevyriausybini\u0173 organizacij\u0173 institucinio stiprinimo projekt\u0173 finansavimo 2022 metais atrankos konkurso l\u0117\u0161omis. Projekto pavadinimas: \u201eNacionalini\u0173 ir regionini\u0173 NVO stiprinimas\u201c.<\/p>\n<p><a href=\"https:\/\/viltis.lt\/lt\/wp-content\/uploads\/2022\/11\/NVO_tyrimas_Viltis.pptx\">NVO_tyrimas_Viltis<\/a><\/p>\n<blockquote class=\"wp-embedded-content\" data-secret=\"QNjRbg0brn\"><p><a href=\"https:\/\/viltis.lt\/lt\/bendradarbiavimo-stiprinimas\/\">Bendradarbiavimo stiprinimas<\/a><\/p><\/blockquote>\n<p><iframe loading=\"lazy\" class=\"wp-embedded-content\" sandbox=\"allow-scripts\" security=\"restricted\" style=\"position: absolute; clip: rect(1px, 1px, 1px, 1px);\" title=\"&#8220;Bendradarbiavimo stiprinimas&#8221; &#8212; Viltis.lt\" src=\"https:\/\/viltis.lt\/lt\/bendradarbiavimo-stiprinimas\/embed\/#?secret=RnnnX0RA2F#?secret=QNjRbg0brn\" data-secret=\"QNjRbg0brn\" width=\"600\" height=\"338\" frameborder=\"0\" marginwidth=\"0\" marginheight=\"0\" scrolling=\"no\"><\/iframe><\/p>\n","protected":false},"excerpt":{"rendered":"<p>Lietuvos sutrikusio intelekto \u017emoni\u0173 globos bendrija \u201eViltis\u201c nuo 2022 m. gegu\u017e\u0117s 16 d. iki 2022 met\u0173 gruod\u017eio 31 d. vykd\u0117 projekt\u0105: \u201eNacionalini\u0173 ir regionini\u0173 NVO stiprinimas\u201c. Projektas buvo organizuojamas kartu su: Projektas finansuotas Nacionalini\u0173 nevyriausybini\u0173 organizacij\u0173 institucinio stiprinimo projekt\u0173 finansavimo 2022 metais atrankos konkurso l\u0117\u0161omis. Projekto pavadinimas: \u201eNacionalini\u0173 ir regionini\u0173 NVO stiprinimas\u201c. NVO_tyrimas_Viltis Bendradarbiavimo stiprinimas<\/p>\n","protected":false},"author":1,"featured_media":0,"parent":0,"menu_order":0,"comment_status":"closed","ping_status":"closed","template":"","meta":{"_acf_changed":false,"footnotes":""},"class_list":["post-1142","page","type-page","status-publish","hentry"],"acf":[],"lang":"lt","translations":{"lt":1142},"pll_sync_post":[],"_links":{"self":[{"href":"https:\/\/viltis.lt\/lt\/wp-json\/wp\/v2\/pages\/1142","targetHints":{"allow":["GET"]}}],"collection":[{"href":"https:\/\/viltis.lt\/lt\/wp-json\/wp\/v2\/pages"}],"about":[{"href":"https:\/\/viltis.lt\/lt\/wp-json\/wp\/v2\/types\/page"}],"author":[{"embeddable":true,"href":"https:\/\/viltis.lt\/lt\/wp-json\/wp\/v2\/users\/1"}],"replies":[{"embeddable":true,"href":"https:\/\/viltis.lt\/lt\/wp-json\/wp\/v2\/comments?post=1142"}],"version-history":[{"count":5,"href":"https:\/\/viltis.lt\/lt\/wp-json\/wp\/v2\/pages\/1142\/revisions"}],"predecessor-version":[{"id":1194,"href":"https:\/\/viltis.lt\/lt\/wp-json\/wp\/v2\/pages\/1142\/revisions\/1194"}],"wp:attachment":[{"href":"https:\/\/viltis.lt\/lt\/wp-json\/wp\/v2\/media?parent=1142"}],"curies":[{"name":"wp","href":"https:\/\/api.w.org\/{rel}","templated":true}]}}