{"id":114,"date":"2022-01-31T12:06:02","date_gmt":"2022-01-31T10:06:02","guid":{"rendered":"https:\/\/viltis.lt\/lt\/?page_id=114"},"modified":"2025-04-08T07:48:00","modified_gmt":"2025-04-08T04:48:00","slug":"kaip-skirti-12-proc-parama","status":"publish","type":"page","link":"https:\/\/viltis.lt\/lt\/parama\/kaip-skirti-12-proc-parama\/","title":{"rendered":"Kaip skirti 1,2 proc. param\u0105!"},"content":{"rendered":"<p><strong>Viskas labai paprasta. Lengviausias b\u016bdas yra pagal instrukcij\u0105 u\u017epildyti 1,2% skyrimo formos laukus! Toliau pateikiame instrukcij\u0105 kaip tai padaryti:<\/strong><\/p>\n<ol>\n<li>Prisijunk prie savo banko elektronin\u0117s bankininkyst\u0117s paskyros.<\/li>\n<li>Elektronin\u0117je bankininkyst\u0117je susiraskite VMI deklaravimo paskyr\u0105. Pasirink\u0119s VMI deklaravimo paskyr\u0105, paspausk mygtuk\u0105 \u201eSUTINKU \/ PRISIJUNGTI\u201c<br \/>\nSEB banko <a href=\"https:\/\/viltis.lt\/lt\/wp-content\/uploads\/2022\/02\/SEB-pvz.jpg\" target=\"_blank\" rel=\"noopener\">pavyzdys<\/a><br \/>\nSwedbank banko <a href=\"https:\/\/viltis.lt\/lt\/wp-content\/uploads\/2022\/02\/Swedbank-pvz.jpg\" target=\"_blank\" rel=\"noopener\">pavyzdys<\/a><br \/>\nLuminor banko <a href=\"https:\/\/viltis.lt\/lt\/wp-content\/uploads\/2022\/02\/Luminor-pvz.jpg\" target=\"_blank\" rel=\"noopener\">pavyzdys<\/a><br \/>\nCitadele banko <a href=\"https:\/\/viltis.lt\/lt\/wp-content\/uploads\/2022\/02\/Citadele-pvz.jpg\" target=\"_blank\" rel=\"noopener\">pavyzdys<\/a><\/li>\n<li>B\u016bsite nukreipti \u012f VMI deklaravimo svetain\u0119.<\/li>\n<li>Pasirinkite skyri\u0173 EDS, <a href=\"https:\/\/viltis.lt\/lt\/wp-content\/uploads\/2022\/02\/Prisijunk-prie-EDS.jpg\" target=\"_blank\" rel=\"noopener\">pavyzdys<\/a><\/li>\n<li>Pasirinkite skyri\u0173 PILDYTI FORM\u0104, <a href=\"https:\/\/viltis.lt\/lt\/wp-content\/uploads\/2022\/02\/pildyti-forma.jpg\" target=\"_blank\" rel=\"noopener\">pavyzdys<\/a><\/li>\n<li>Pasirinkite skyri\u0173 PRA\u0160YMAS SKIRTI PARAM\u0104, <a href=\"https:\/\/viltis.lt\/lt\/wp-content\/uploads\/2022\/02\/pras\u030cymas-skirti-parama.jpg\" target=\"_blank\" rel=\"noopener\">pavyzdys<\/a><\/li>\n<li>Pasirinkite form\u0105 pavadinimu <strong>FR0512 v.3<\/strong>. Paspausk FORMA ELEKTRONINIAM PILDYMUI, <a href=\"https:\/\/viltis.lt\/lt\/wp-content\/uploads\/2022\/02\/FR0512-v.3.-forma.jpg\" target=\"_blank\" rel=\"noopener\">pavyzdys<\/a><\/li>\n<li>U\u017epildyk asmenin\u0119 informacij\u0105 (raudonai pa\u017eym\u0117tus langelius) lietuvi\u0161komis raid\u0117mis.<br \/>\n<img loading=\"lazy\" decoding=\"async\" class=\"alignnone wp-image-216 size-full\" src=\"https:\/\/viltis.lt\/lt\/wp-content\/uploads\/2022\/02\/asmenine-informacija.png\" alt=\"\" width=\"925\" height=\"281\" srcset=\"https:\/\/viltis.lt\/lt\/wp-content\/uploads\/2022\/02\/asmenine-informacija.png 925w, https:\/\/viltis.lt\/lt\/wp-content\/uploads\/2022\/02\/asmenine-informacija-600x182.png 600w, https:\/\/viltis.lt\/lt\/wp-content\/uploads\/2022\/02\/asmenine-informacija-300x91.png 300w, https:\/\/viltis.lt\/lt\/wp-content\/uploads\/2022\/02\/asmenine-informacija-768x233.png 768w, https:\/\/viltis.lt\/lt\/wp-content\/uploads\/2022\/02\/asmenine-informacija-296x90.png 296w\" sizes=\"auto, (max-width: 925px) 100vw, 925px\" \/><\/li>\n<li>U\u017epildykite informacij\u0105 apie organizacij\u0105:<br \/>\n<img loading=\"lazy\" decoding=\"async\" class=\"alignnone wp-image-217 size-large\" src=\"https:\/\/viltis.lt\/lt\/wp-content\/uploads\/2022\/02\/Informacija-apie-organizacija\u0328-1024x141.png\" alt=\"\" width=\"1024\" height=\"141\" srcset=\"https:\/\/viltis.lt\/lt\/wp-content\/uploads\/2022\/02\/Informacija-apie-organizacija\u0328-1024x141.png 1024w, https:\/\/viltis.lt\/lt\/wp-content\/uploads\/2022\/02\/Informacija-apie-organizacija\u0328-600x82.png 600w, https:\/\/viltis.lt\/lt\/wp-content\/uploads\/2022\/02\/Informacija-apie-organizacija\u0328-300x41.png 300w, https:\/\/viltis.lt\/lt\/wp-content\/uploads\/2022\/02\/Informacija-apie-organizacija\u0328-768x105.png 768w, https:\/\/viltis.lt\/lt\/wp-content\/uploads\/2022\/02\/Informacija-apie-organizacija\u0328.png 1501w\" sizes=\"auto, (max-width: 1024px) 100vw, 1024px\" \/><br \/>\n5: Pasirinkite 2024 metus Tai mokestinis laikotarpis. Dalis nuo J\u016bs\u0173 2024 m. sumok\u0117t\u0173 mokes\u010di\u0173 bus pervesta Lietuvos sutrikusio intelekto \u017emoni\u0173 globos bendrijai \u201eViltis\u201c.<br \/>\n6: Pa\u017eym\u0117kite \u0161\u012f laukel\u012f varnele Tai rodo, kad suteikiate teis\u0119 gauti J\u016bs\u0173 skirt\u0105 param\u0105.<br \/>\nE1: Pasirinkite \u2013 2; tai \u017eymi, kad pajam\u0173 mokes\u010dio dal\u012f pageidaujate skirti b\u016btent Lietuvos sutrikusio intelekto \u017emoni\u0173 globos bendrijai \u201eViltis\u201c.<br \/>\nE2: \u012ekopijuokite \u2013 290666790; tai bendrijos \u201eViltis\u201c kodas.<br \/>\nE3: \u012ekopijuokite \u2013 Lietuvos sutrikusio intelekto \u017emoni\u0173 globos bendrija \u201eViltis\u201c.<br \/>\nE4: \u012era\u0161yk \u2013 1,2 ; tai parodo, kuri\u0105 dal\u012f savo pajam\u0173 mokes\u010dio norite skirti Lietuvos sutrikusio intelekto \u017emoni\u0173 globos bendrijai \u201eViltis\u201c.<br \/>\nE5: \u012era\u0161ykite 2024 m. Tai nurodo, kad nepakeitus nuomon\u0117s d\u0117l mokes\u010dio skyrimo, iki 2024 m. savo 1,2% gyventoj\u0173 pajam\u0173 mokes\u010dio skirsite Lietuvos sutrikusio intelekto \u017emoni\u0173 globos bendrijai \u201eViltis\u201c.<\/li>\n<li>Pasitikrinkite, ar visk\u0105 u\u017epild\u0117te teisisngai.<\/li>\n<li>Paspauskite laukel\u012f PATEIKTI DEKLARACIJ\u0104. \u0160iuo veiksmu baigsite pildyti parai\u0161k\u0105.<br \/>\n<img loading=\"lazy\" decoding=\"async\" class=\"alignnone wp-image-220 size-full\" src=\"https:\/\/viltis.lt\/lt\/wp-content\/uploads\/2022\/02\/Pateikti-deklaracija.png\" alt=\"\" width=\"918\" height=\"58\" srcset=\"https:\/\/viltis.lt\/lt\/wp-content\/uploads\/2022\/02\/Pateikti-deklaracija.png 918w, https:\/\/viltis.lt\/lt\/wp-content\/uploads\/2022\/02\/Pateikti-deklaracija-600x38.png 600w, https:\/\/viltis.lt\/lt\/wp-content\/uploads\/2022\/02\/Pateikti-deklaracija-300x19.png 300w, https:\/\/viltis.lt\/lt\/wp-content\/uploads\/2022\/02\/Pateikti-deklaracija-768x49.png 768w\" sizes=\"auto, (max-width: 918px) 100vw, 918px\" \/><\/li>\n<li>Lietuvos sutrikusio intelekto \u017emoni\u0173 globos bendrija \u201eViltis\u201c Jums sako A\u010cI\u016a!<\/li>\n<\/ol>\n<p><iframe loading=\"lazy\" title=\"Kaip skirti dal\u012f GPM paramai vedliu?\" width=\"1050\" height=\"591\" src=\"https:\/\/www.youtube.com\/embed\/VVpaY-FFbKk?feature=oembed\" frameborder=\"0\" allow=\"accelerometer; autoplay; clipboard-write; encrypted-media; gyroscope; picture-in-picture; web-share\" referrerpolicy=\"strict-origin-when-cross-origin\" allowfullscreen><\/iframe><\/p>\n","protected":false},"excerpt":{"rendered":"<p>Viskas labai paprasta. Lengviausias b\u016bdas yra pagal instrukcij\u0105 u\u017epildyti 1,2% skyrimo formos laukus! Toliau pateikiame instrukcij\u0105 kaip tai padaryti: Prisijunk prie savo banko elektronin\u0117s bankininkyst\u0117s paskyros. Elektronin\u0117je bankininkyst\u0117je susiraskite VMI deklaravimo paskyr\u0105. Pasirink\u0119s VMI deklaravimo paskyr\u0105, paspausk mygtuk\u0105 \u201eSUTINKU \/ PRISIJUNGTI\u201c SEB banko pavyzdys Swedbank banko pavyzdys Luminor banko pavyzdys Citadele banko pavyzdys B\u016bsite nukreipti [&hellip;]<\/p>\n","protected":false},"author":1,"featured_media":0,"parent":37,"menu_order":0,"comment_status":"closed","ping_status":"closed","template":"template\/page-title-and-content-with-bg-transparent.php","meta":{"_acf_changed":false,"footnotes":""},"class_list":["post-114","page","type-page","status-publish","hentry"],"acf":[],"lang":"lt","translations":{"lt":114},"pll_sync_post":[],"_links":{"self":[{"href":"https:\/\/viltis.lt\/lt\/wp-json\/wp\/v2\/pages\/114","targetHints":{"allow":["GET"]}}],"collection":[{"href":"https:\/\/viltis.lt\/lt\/wp-json\/wp\/v2\/pages"}],"about":[{"href":"https:\/\/viltis.lt\/lt\/wp-json\/wp\/v2\/types\/page"}],"author":[{"embeddable":true,"href":"https:\/\/viltis.lt\/lt\/wp-json\/wp\/v2\/users\/1"}],"replies":[{"embeddable":true,"href":"https:\/\/viltis.lt\/lt\/wp-json\/wp\/v2\/comments?post=114"}],"version-history":[{"count":16,"href":"https:\/\/viltis.lt\/lt\/wp-json\/wp\/v2\/pages\/114\/revisions"}],"predecessor-version":[{"id":202,"href":"https:\/\/viltis.lt\/lt\/wp-json\/wp\/v2\/pages\/114\/revisions\/202"}],"up":[{"embeddable":true,"href":"https:\/\/viltis.lt\/lt\/wp-json\/wp\/v2\/pages\/37"}],"wp:attachment":[{"href":"https:\/\/viltis.lt\/lt\/wp-json\/wp\/v2\/media?parent=114"}],"curies":[{"name":"wp","href":"https:\/\/api.w.org\/{rel}","templated":true}]}}