{"id":1114,"date":"2022-10-10T21:22:07","date_gmt":"2022-10-10T18:22:07","guid":{"rendered":"https:\/\/viltis.lt\/lt\/?page_id=1114"},"modified":"2025-06-17T10:38:22","modified_gmt":"2025-06-17T07:38:22","slug":"lietuvos-ir-lenkijos-jaunimo-bendradarbiavimo-stiprinimas","status":"publish","type":"page","link":"https:\/\/viltis.lt\/lt\/projektai\/ivykdyti-projektai\/lietuvos-ir-lenkijos-jaunimo-bendradarbiavimo-stiprinimas\/","title":{"rendered":"Lietuvos ir Lenkijos jaunimo bendradarbiavimo stiprinimas"},"content":{"rendered":"<p><strong>LIETUVOS IR LENKIJOS JAUNIMO BENDRADARBIAVIMO SKATINIMAS<\/strong><\/p>\n<p>Bendra informacija apie projekt\u0105:<\/p>\n<p>Dalyviai:<\/p>\n<p>\u2013 Nijol\u0117s Genyt\u0117s socialin\u0117s globos nam\u0173 gyventojai;<\/p>\n<p>\u2013 Lenkijos \u201eAktyvi\u0173 sutrikusio intelekto \u017emoni\u0173 r\u0117mimo asociacija \u201cACTYWNI\u201c atstovai.<\/p>\n<p>Projekto tikslas: Lietuvos ir Lenkijos jaunimo dom\u0117jimosi bendra istorija ir kult\u016bra, tolerancijos ir atvirumo bendradarbiavimo skatinimas, bendros kult\u016bros paveldo populiarinimas, sutrikusio intelekto jaunimo socialini\u0173 kompetencij\u0173 didinimas.<\/p>\n<p>Projekto trukm\u0117: 2023 m. baland\u017eio m\u0117n. \u2013 2023 m. spalio m\u0117n.<\/p>\n<p>Projekto veiklos: Lietuvos sutrikusio intelekto \u017emoni\u0173 vizitas \u012f Lenkij\u0105 ir Lenkijos sutrikusio intelekto \u017emoni\u0173 vizitas \u012f Lietuv\u0105 ir Lenkij\u0105.<\/p>\n<p>Projekta finansuoja: Jaunimo reikal\u0173 agent\u016bra, Socialin\u0117s apsaugos\u00a0 ir darbo ministerija (SADM).<\/p>\n<p>Projekt\u0105 kuruoja: Socialini\u0173 paslaug\u0173 prie\u017ei\u016bros departamentas prie SADM<\/p>\n<p>Projekto eigoje Jaunuoliai tur\u0117jo galimyb\u0117 prapl\u0117sti savo \u017einias bei palyginti abiej\u0173 \u0161ali\u0173 tarpusavio ry\u0161\u012f kult\u016briniu aspektu. \u0160i iniciatyva puikiai atspindi kult\u016brini\u0173 main\u0173 svarb\u0105, skatinant tolerancij\u0105, atvirum\u0105 ir draugyst\u0119 tarp dviej\u0173 \u0161ali\u0173 jaunimo kart\u0173.<\/p>\n<p>Apie Nijol\u0117s Genyt\u0117s socialin\u0117s globos nam\u0173 gyventoj\u0173 vizit\u0105 \u012f Lenkij\u0105 skaitykite \u017eurnale \u201eViltis\u201c tre\u010diame numeryje.<\/p>\n<p>Bendrijos \u201eViltis\u201c informacija<\/p>\n<blockquote class=\"wp-embedded-content\" data-secret=\"Q5DzHPKtFG\"><p><a href=\"https:\/\/viltis.lt\/lt\/lietuvos-ir-lenkijos-jaunimo-bendradarbiavimo-skatinimas\/\">Lietuvos ir Lenkijos jaunimo bendradarbiavimo skatinimas<\/a><\/p><\/blockquote>\n<p><iframe loading=\"lazy\" class=\"wp-embedded-content\" sandbox=\"allow-scripts\" security=\"restricted\" style=\"position: absolute; clip: rect(1px, 1px, 1px, 1px);\" title=\"&#8220;Lietuvos ir Lenkijos jaunimo bendradarbiavimo skatinimas&#8221; &#8212; Viltis.lt\" src=\"https:\/\/viltis.lt\/lt\/lietuvos-ir-lenkijos-jaunimo-bendradarbiavimo-skatinimas\/embed\/#?secret=tgokpYLIYs#?secret=Q5DzHPKtFG\" data-secret=\"Q5DzHPKtFG\" width=\"600\" height=\"338\" frameborder=\"0\" marginwidth=\"0\" marginheight=\"0\" scrolling=\"no\"><\/iframe><\/p>\n<p><strong>LIETUVOS IR LENKIJOS JAUNIMO BENDRADARBIAVIMO STIPRINIMAS SKATINANT J\u0172 DOM\u0116JIM\u0104SI BENDRA ISTORIJA IR KULT\u016aRA<\/strong><\/p>\n<p>Bendra informacija apie projekt\u0105:<\/p>\n<p>Dalyviai:<\/p>\n<p>&#8211; Lietuvos sutrikusio intelekto \u017emoni\u0173 globos bendrijos \u201cViltis\u201d \u0160al\u010dinink\u0173 padalinio atstovai;<\/p>\n<p>&#8211; Lenkijos \u201eAktyvi\u0173 sutrikusio intelekto \u017emoni\u0173 r\u0117mimo asociacija ACTYWNI\u201c atstovai.<\/p>\n<p>Projekto tikslas: Draugi\u0161ko Lietuvos ir Lenkijos jaunimo bendradarbiavimo pl\u0117tra ir socialini\u0173 kompetencij\u0173 didinimas.<\/p>\n<p>Projekto trukm\u0117: 2022 gegu\u017eio 1 &#8211; 2022 spalio 31.<\/p>\n<p>Projekto veiklos: Lietuvos sutrikusio intelekto \u017emoni\u0173 vizitas \u012f Lenkij\u0105 ir Lenkijos sutrikusio intelekto \u017emoni\u0173 vizitas \u012f Lietuv\u0105.<\/p>\n<p>Projekta finansuoja: Jaunimo reikal\u0173 agent\u016bra, Socialin\u0117s apsaugos\u00a0 ir darbo ministerija (SADM).<\/p>\n<p>Projekt\u0105 kuruoja: Socialini\u0173 paslaug\u0173 prie\u017ei\u016bros departamentas prie SADM<\/p>\n<p>Projekto eigoje dalyviai susipa\u017eino su Lietuvos ir Lenkijos istorija bei kult\u016bra, u\u017emezg\u0117 draugi\u0161kus santykius su bendraam\u017eiais, stipr\u0117ja partneryst\u0117s santykiai tarp organizacij\u0173, dirbanci\u0173 su ma\u017eiau galimybi\u0173 turin\u010di\u0173 jaunimu.<\/p>\n<p>Apie \u0160al\u010dinink\u0173 grup\u0117s vizit\u0105 \u012f Lenkij\u0105 skaitykite \u017eurnale \u201eViltis\u201c ketvirtame numeryje.<\/p>\n<p>Bendrijos \u201eViltis\u201c informacija<\/p>\n<blockquote class=\"wp-embedded-content\" data-secret=\"2un6KovRaq\"><p><a href=\"https:\/\/viltis.lt\/lt\/nesibaigianti-draugyste\/\">NESIBAIGIANTI DRAUGYST\u0116<\/a><\/p><\/blockquote>\n<p><iframe loading=\"lazy\" class=\"wp-embedded-content\" sandbox=\"allow-scripts\" security=\"restricted\" style=\"position: absolute; clip: rect(1px, 1px, 1px, 1px);\" title=\"&#8220;NESIBAIGIANTI DRAUGYST\u0116&#8221; &#8212; Viltis.lt\" src=\"https:\/\/viltis.lt\/lt\/nesibaigianti-draugyste\/embed\/#?secret=o7NSGHdmbk#?secret=2un6KovRaq\" data-secret=\"2un6KovRaq\" width=\"600\" height=\"338\" frameborder=\"0\" marginwidth=\"0\" marginheight=\"0\" scrolling=\"no\"><\/iframe><\/p>\n","protected":false},"excerpt":{"rendered":"<p>LIETUVOS IR LENKIJOS JAUNIMO BENDRADARBIAVIMO SKATINIMAS Bendra informacija apie projekt\u0105: Dalyviai: \u2013 Nijol\u0117s Genyt\u0117s socialin\u0117s globos nam\u0173 gyventojai; \u2013 Lenkijos \u201eAktyvi\u0173 sutrikusio intelekto \u017emoni\u0173 r\u0117mimo asociacija \u201cACTYWNI\u201c atstovai. Projekto tikslas: Lietuvos ir Lenkijos jaunimo dom\u0117jimosi bendra istorija ir kult\u016bra, tolerancijos ir atvirumo bendradarbiavimo skatinimas, bendros kult\u016bros paveldo populiarinimas, sutrikusio intelekto jaunimo socialini\u0173 kompetencij\u0173 didinimas. Projekto [&hellip;]<\/p>\n","protected":false},"author":1,"featured_media":1121,"parent":1842,"menu_order":0,"comment_status":"closed","ping_status":"closed","template":"","meta":{"_acf_changed":false,"footnotes":""},"class_list":["post-1114","page","type-page","status-publish","has-post-thumbnail","hentry"],"acf":[],"lang":"lt","translations":{"lt":1114},"pll_sync_post":[],"_links":{"self":[{"href":"https:\/\/viltis.lt\/lt\/wp-json\/wp\/v2\/pages\/1114","targetHints":{"allow":["GET"]}}],"collection":[{"href":"https:\/\/viltis.lt\/lt\/wp-json\/wp\/v2\/pages"}],"about":[{"href":"https:\/\/viltis.lt\/lt\/wp-json\/wp\/v2\/types\/page"}],"author":[{"embeddable":true,"href":"https:\/\/viltis.lt\/lt\/wp-json\/wp\/v2\/users\/1"}],"replies":[{"embeddable":true,"href":"https:\/\/viltis.lt\/lt\/wp-json\/wp\/v2\/comments?post=1114"}],"version-history":[{"count":5,"href":"https:\/\/viltis.lt\/lt\/wp-json\/wp\/v2\/pages\/1114\/revisions"}],"predecessor-version":[{"id":1365,"href":"https:\/\/viltis.lt\/lt\/wp-json\/wp\/v2\/pages\/1114\/revisions\/1365"}],"up":[{"embeddable":true,"href":"https:\/\/viltis.lt\/lt\/wp-json\/wp\/v2\/pages\/1842"}],"wp:featuredmedia":[{"embeddable":true,"href":"https:\/\/viltis.lt\/lt\/wp-json\/wp\/v2\/media\/1121"}],"wp:attachment":[{"href":"https:\/\/viltis.lt\/lt\/wp-json\/wp\/v2\/media?parent=1114"}],"curies":[{"name":"wp","href":"https:\/\/api.w.org\/{rel}","templated":true}]}}