{"id":1073,"date":"2022-06-19T22:23:39","date_gmt":"2022-06-19T19:23:39","guid":{"rendered":"https:\/\/viltis.lt\/lt\/?page_id=1073"},"modified":"2025-06-17T10:34:33","modified_gmt":"2025-06-17T07:34:33","slug":"savarankiskumo-ugdymas-pilnavercio-gyvenimo-pagrindas","status":"publish","type":"page","link":"https:\/\/viltis.lt\/lt\/projektai\/vykdomi-projektai\/savarankiskumo-ugdymas-pilnavercio-gyvenimo-pagrindas\/","title":{"rendered":"Savaranki\u0161kumo ugdymas-pilnaver\u010dio gyvenimo pagrindas"},"content":{"rendered":"<p>V\u0160\u012e \u201eInformacijos kaupimo ir sklaidos centras\u201c vykdo 2022 m. Socialin\u0117s apsaugos ir darbo ministerijos finansuojam\u0105 (skirta 24466 eur\u0173), Vilniaus savivaldyb\u0117s administruojam\u0105 Socialin\u0117s reabilitacijos paslaug\u0173<br \/>\nteikimo ne\u012fgaliesiems bendruomen\u0117je projekt\u0105 \u201eSavaranki\u0161kumo ugdymas-pilnaver\u010dio gyvenimo pagrindas\u201c, kurio tikslas-pad\u0117ti asmenims, turintiems intelekto negali\u0105, \u012fsitraukti \u012f darbo rink\u0105, ugdyti ne\u012fgali\u0173j\u0173 savaranki\u0161kum\u0105 ir savirealizacij\u0105. Projekto veiklomis bus siekiama per profesin\u012f orientavim\u0105, konsultavim\u0105 ir praktik\u0105 konkre\u010dioje darbo vietoje, pagalb\u0105 ne\u012fgaliajam konkre\u010diu b\u016bdu, \u012fgalinti asmenis, turin\u010dius intelekto negali\u0105, lavinti darbinius \u012fg\u016bd\u017eius, pasirinkti profesij\u0105, amat\u0105 ar u\u017eimtum\u0105. Taip pat bus siekiama ugdyti kasdienius \u012fg\u016bd\u017eius, savirai\u0161kos \u012fg\u016bd\u017eius ir meninius geb\u0117jimus per \u0161ok\u012f ir dail\u0119. Planuojama, kad paslaugas gaus 52 asmenys, i\u0161 j\u0173 ne\u012fgali\u0173j\u0173 50 (i\u0161 j\u0173 ne\u012fgali\u0173j\u0173 vaik\u0173 26), ne\u012fgail\u0173ij\u0173 \u0161eimos nari\u0173 2. D\u017eiaugiam\u0117s, kad UAB \u201ePenki kontinentai\u201c ir UAB \u201eKarolinos k\u0117gliai\u201c suteik\u0117 galimyb\u0119 dalyviams atlikti praktik\u0105 konkre\u010diose darbo vietose, esame jiems labai d\u0117kingi.<\/p>\n","protected":false},"excerpt":{"rendered":"<p>V\u0160\u012e \u201eInformacijos kaupimo ir sklaidos centras\u201c vykdo 2022 m. Socialin\u0117s apsaugos ir darbo ministerijos finansuojam\u0105 (skirta 24466 eur\u0173), Vilniaus savivaldyb\u0117s administruojam\u0105 Socialin\u0117s reabilitacijos paslaug\u0173 teikimo ne\u012fgaliesiems bendruomen\u0117je projekt\u0105 \u201eSavaranki\u0161kumo ugdymas-pilnaver\u010dio gyvenimo pagrindas\u201c, kurio tikslas-pad\u0117ti asmenims, turintiems intelekto negali\u0105, \u012fsitraukti \u012f darbo rink\u0105, ugdyti ne\u012fgali\u0173j\u0173 savaranki\u0161kum\u0105 ir savirealizacij\u0105. Projekto veiklomis bus siekiama per profesin\u012f orientavim\u0105, konsultavim\u0105 [&hellip;]<\/p>\n","protected":false},"author":1,"featured_media":1079,"parent":1840,"menu_order":0,"comment_status":"closed","ping_status":"closed","template":"","meta":{"_acf_changed":false,"footnotes":""},"class_list":["post-1073","page","type-page","status-publish","has-post-thumbnail","hentry"],"acf":[],"lang":"lt","translations":{"lt":1073},"pll_sync_post":[],"_links":{"self":[{"href":"https:\/\/viltis.lt\/lt\/wp-json\/wp\/v2\/pages\/1073","targetHints":{"allow":["GET"]}}],"collection":[{"href":"https:\/\/viltis.lt\/lt\/wp-json\/wp\/v2\/pages"}],"about":[{"href":"https:\/\/viltis.lt\/lt\/wp-json\/wp\/v2\/types\/page"}],"author":[{"embeddable":true,"href":"https:\/\/viltis.lt\/lt\/wp-json\/wp\/v2\/users\/1"}],"replies":[{"embeddable":true,"href":"https:\/\/viltis.lt\/lt\/wp-json\/wp\/v2\/comments?post=1073"}],"version-history":[{"count":3,"href":"https:\/\/viltis.lt\/lt\/wp-json\/wp\/v2\/pages\/1073\/revisions"}],"predecessor-version":[{"id":1078,"href":"https:\/\/viltis.lt\/lt\/wp-json\/wp\/v2\/pages\/1073\/revisions\/1078"}],"up":[{"embeddable":true,"href":"https:\/\/viltis.lt\/lt\/wp-json\/wp\/v2\/pages\/1840"}],"wp:featuredmedia":[{"embeddable":true,"href":"https:\/\/viltis.lt\/lt\/wp-json\/wp\/v2\/media\/1079"}],"wp:attachment":[{"href":"https:\/\/viltis.lt\/lt\/wp-json\/wp\/v2\/media?parent=1073"}],"curies":[{"name":"wp","href":"https:\/\/api.w.org\/{rel}","templated":true}]}}