{"id":1043,"date":"2022-06-08T10:04:51","date_gmt":"2022-06-08T07:04:51","guid":{"rendered":"https:\/\/viltis.lt\/lt\/?page_id=1043"},"modified":"2022-10-23T14:07:20","modified_gmt":"2022-10-23T11:07:20","slug":"nvo-bendradarbiavimas","status":"publish","type":"page","link":"https:\/\/viltis.lt\/lt\/nvo-bendradarbiavimas\/","title":{"rendered":"NVO bendradarbiavimas"},"content":{"rendered":"<p class=\"has-medium-font-size\">Vietos savivaldybi\u0173 ir NVO bendradarbiavimas tur\u0117t\u0173 b\u016bti grind\u017eiamas ai\u0161kia esamos situacijos analize ir vietos bendruomen\u0117s poreiki\u0173 tenkinimu, \u012ftraukiant vietos gyventojus \u012f sprendim\u0173 pri\u0117mimo proces\u0105, i\u0161naudojant vie\u0161osios paskirties materialinius i\u0161teklius \u2013 visuomenin\u0117s paskirties pastatus ir biud\u017eeto l\u0117\u0161as, \u0161itaip u\u017etikrinant efektyv\u0173 ir prid\u0117tin\u0119 vert\u0119 kurian\u010di\u0173 novatori\u0161k\u0173 vie\u0161\u0173j\u0173 paslaug\u0173 teikim\u0105.<\/p>\n<p class=\"has-medium-font-size\">Dalinames projektu \u201eNVO, j\u0173 socialini\u0173 partneri\u0173 ir vald\u017eios bendradarbiavimo stiprinimas\u201c metu parengta tyrimo ataskaita.<\/p>\n<h2 class=\"wp-block-media-text__media\" style=\"text-align: left;\"><a href=\"https:\/\/docs.google.com\/document\/d\/1OEXnF-c32w989fZh0zIZScZE7QFLTkiV\/edit?usp=sharing&amp;ouid=114368900134751727737&amp;rtpof=true&amp;sd=true\" data-type=\"URL\" data-id=\"https:\/\/docs.google.com\/document\/d\/1OEXnF-c32w989fZh0zIZScZE7QFLTkiV\/edit?usp=sharing&amp;ouid=114368900134751727737&amp;rtpof=true&amp;sd=true\">Tyrimo <\/a><a href=\"https:\/\/docs.google.com\/document\/d\/1OEXnF-c32w989fZh0zIZScZE7QFLTkiV\/edit?usp=sharing&amp;ouid=114368900134751727737&amp;rtpof=true&amp;sd=true\" target=\"_blank\" rel=\"noreferrer noopener\" data-type=\"URL\" data-id=\"https:\/\/docs.google.com\/document\/d\/1OEXnF-c32w989fZh0zIZScZE7QFLTkiV\/edit?usp=sharing&amp;ouid=114368900134751727737&amp;rtpof=true&amp;sd=true\">paai\u0161kinimas lengvai suprantama kalba<\/a><\/h2>\n<h2 style=\"text-align: left;\"><a href=\"https:\/\/viltis.lt\/lt\/wp-content\/uploads\/2022\/10\/NVO-ir-savivaldybiu-bendradarbiavimo-tyrimas.pdf\" target=\"_blank\" rel=\"noopener\" data-type=\"URL\" data-id=\"https:\/\/docs.google.com\/document\/d\/1aolbR3IjLOElqB9cIkKO9wLzxhLa3B8T\/edit?usp=sharing&amp;ouid=114368900134751727737&amp;rtpof=true&amp;sd=true\">Tyrimo <\/a><a href=\"https:\/\/viltis.lt\/lt\/wp-content\/uploads\/2022\/10\/NVO-ir-savivaldybiu-bendradarbiavimo-tyrimas.pdf\" target=\"_blank\" rel=\"noreferrer noopener\" data-type=\"URL\" data-id=\"https:\/\/docs.google.com\/document\/d\/1aolbR3IjLOElqB9cIkKO9wLzxhLa3B8T\/edit?usp=sharing&amp;ouid=114368900134751727737&amp;rtpof=true&amp;sd=true\">ataskaita<\/a><\/h2>\n<h2 class=\"wp-block-media-text__media\" style=\"text-align: left;\"><a href=\"https:\/\/docs.google.com\/document\/d\/1lJsUvmezgpNc1x9EkIxT6-dUoOOgD8J3\/edit?usp=sharing&amp;ouid=114368900134751727737&amp;rtpof=true&amp;sd=true\" target=\"_blank\" rel=\"noreferrer noopener\">Gair\u0117s lengvai suprantama kalba<\/a><\/h2>\n<h2 class=\"wp-block-media-text__media\" style=\"text-align: left;\"><a href=\"https:\/\/drive.google.com\/file\/d\/1h1Lk1ctRKQiqbRscHhKk-RBI1bvRzSsL\/view?usp=sharing\" target=\"_blank\" rel=\"noreferrer noopener\">Gair\u0117s<\/a><\/h2>\n<h2><\/h2>\n<p class=\"has-medium-font-size\">Projektas finansuojamas Nacionalini\u0173 nevyriausybini\u0173 organizacij\u0173 institucinio stiprinimo projekt\u0173 finansavimo 2021 metais atrankos konkurso l\u0117\u0161omis ir\u00a0 papildomomis l\u0117\u0161omis. Projekto pavadinimas: \u201eNVO, j\u0173 socialini\u0173 partneri\u0173 ir vald\u017eios bendradarbiavimo stiprinimas\u201c.<\/p>\n<div class=\"wp-block-media-text alignwide has-media-on-the-right is-stacked-on-mobile\">\n<figure class=\"wp-block-media-text__media\"><img loading=\"lazy\" decoding=\"async\" class=\"wp-image-2389 \" src=\"http:\/\/www.viltis.lt\/lt\/_OLD\/wp-content\/uploads\/2021\/11\/SADM-logo_herbas1-1024x376.png\" sizes=\"auto, (max-width: 1024px) 100vw, 1024px\" srcset=\"https:\/\/www.viltis.lt\/lt\/_OLD\/wp-content\/uploads\/2021\/11\/SADM-logo_herbas1-1024x376.png 1024w, https:\/\/www.viltis.lt\/lt\/_OLD\/wp-content\/uploads\/2021\/11\/SADM-logo_herbas1-300x110.png 300w, https:\/\/www.viltis.lt\/lt\/_OLD\/wp-content\/uploads\/2021\/11\/SADM-logo_herbas1-768x282.png 768w, https:\/\/www.viltis.lt\/lt\/_OLD\/wp-content\/uploads\/2021\/11\/SADM-logo_herbas1-1536x564.png 1536w, https:\/\/www.viltis.lt\/lt\/_OLD\/wp-content\/uploads\/2021\/11\/SADM-logo_herbas1.png 2000w\" alt=\"\" width=\"359\" height=\"132\" \/><\/figure>\n<div class=\"wp-block-media-text__content\">\n<p class=\"has-medium-font-size\">Projekt\u0105 organizuoja Socialin\u0117s apsaugos ir darbo ministerija.<\/p>\n<\/div>\n<\/div>\n","protected":false},"excerpt":{"rendered":"<p>Vietos savivaldybi\u0173 ir NVO bendradarbiavimas tur\u0117t\u0173 b\u016bti grind\u017eiamas ai\u0161kia esamos situacijos analize ir vietos bendruomen\u0117s poreiki\u0173 tenkinimu, \u012ftraukiant vietos gyventojus \u012f sprendim\u0173 pri\u0117mimo proces\u0105, i\u0161naudojant vie\u0161osios paskirties materialinius i\u0161teklius \u2013 visuomenin\u0117s paskirties pastatus ir biud\u017eeto l\u0117\u0161as, \u0161itaip u\u017etikrinant efektyv\u0173 ir prid\u0117tin\u0119 vert\u0119 kurian\u010di\u0173 novatori\u0161k\u0173 vie\u0161\u0173j\u0173 paslaug\u0173 teikim\u0105. Dalinames projektu \u201eNVO, j\u0173 socialini\u0173 partneri\u0173 ir vald\u017eios [&hellip;]<\/p>\n","protected":false},"author":1,"featured_media":0,"parent":0,"menu_order":0,"comment_status":"closed","ping_status":"closed","template":"","meta":{"_acf_changed":false,"footnotes":""},"class_list":["post-1043","page","type-page","status-publish","hentry"],"acf":[],"lang":"lt","translations":{"lt":1043},"pll_sync_post":[],"_links":{"self":[{"href":"https:\/\/viltis.lt\/lt\/wp-json\/wp\/v2\/pages\/1043","targetHints":{"allow":["GET"]}}],"collection":[{"href":"https:\/\/viltis.lt\/lt\/wp-json\/wp\/v2\/pages"}],"about":[{"href":"https:\/\/viltis.lt\/lt\/wp-json\/wp\/v2\/types\/page"}],"author":[{"embeddable":true,"href":"https:\/\/viltis.lt\/lt\/wp-json\/wp\/v2\/users\/1"}],"replies":[{"embeddable":true,"href":"https:\/\/viltis.lt\/lt\/wp-json\/wp\/v2\/comments?post=1043"}],"version-history":[{"count":22,"href":"https:\/\/viltis.lt\/lt\/wp-json\/wp\/v2\/pages\/1043\/revisions"}],"predecessor-version":[{"id":1135,"href":"https:\/\/viltis.lt\/lt\/wp-json\/wp\/v2\/pages\/1043\/revisions\/1135"}],"wp:attachment":[{"href":"https:\/\/viltis.lt\/lt\/wp-json\/wp\/v2\/media?parent=1043"}],"curies":[{"name":"wp","href":"https:\/\/api.w.org\/{rel}","templated":true}]}}