{"id":1013,"date":"2022-04-22T08:34:22","date_gmt":"2022-04-22T05:34:22","guid":{"rendered":"https:\/\/viltis.lt\/lt\/?page_id=1013"},"modified":"2025-05-27T11:32:34","modified_gmt":"2025-05-27T08:32:34","slug":"stovykla","status":"publish","type":"page","link":"https:\/\/viltis.lt\/lt\/stovykla\/","title":{"rendered":"Stovykla"},"content":{"rendered":"<p>Lietuvos sutrikusio intelekto \u017emoni\u0173 globos bendrija \u201eViltis\u201c organizuoja jau\u00a0<strong>trisde\u0161imt\u00a0\u0161e\u0161t\u0105j\u0105<\/strong>\u00a0savaranki\u0161ko gyvenimo ugdymo \u012fg\u016bd\u017ei\u0173 stovykl\u0105.<\/p>\n<p>Ji vyks Giruliuose\u00a0<strong>2025 m. liepos m\u0117n.\u00a020-30\u00a0d.<\/strong><\/p>\n<p>Adresas: poilsio stovykla \u201ePasaka\u201c, Vyd\u016bno g. 2, Kukuli\u0161ki\u0173 km. Klaip\u0117dos r.<\/p>\n<p><strong>INFORMACIJA DALYVIAMS:<\/strong><\/p>\n<p><strong>Geros gyvenimo s\u0105lygos, puiki buitis, maitinimas.<\/strong><\/p>\n<p>Visa kelialapio kaina asmeniui\u00a0400\u00a0eur.<\/p>\n<p>Norintys vykti \u012f stovykl\u0105 turi iki\u00a0<strong>bir\u017eelio\u00a06 dienos<\/strong>\u00a0pateikti dokumentus:<\/p>\n<ul>\n<li><a href=\"https:\/\/viltis.lt\/lt\/wp-content\/uploads\/2025\/04\/Dalyvio-Prasymas-stovykla_2025.doc\">pra\u0161ym\u0105<\/a>\u00a0ir u\u017epildyt\u0105 dalyvio\u00a0<a href=\"https:\/\/viltis.lt\/lt\/wp-content\/uploads\/2025\/04\/Stovyklos-Dalyvio-Anketa-2025.docx\">anket\u0105<\/a>\u00a0(b\u016btinai),<\/li>\n<li>ne\u012fgaliojo pa\u017eym\u0117jimo kopij\u0105 (b\u016btinai);<\/li>\n<li>\u012fstaigos, kuri\u0105 lanko asmuo su negalia, socialinio darbuotojo arba nevyriausybin\u0117s organizacijos rekomendacij\u0105 (neb\u016btinai).<\/li>\n<\/ul>\n<p>Min\u0117tus dokumentus galite pateikti \u0161iais b\u016bdais:<\/p>\n<ul>\n<li>pa\u0161tu (Bendrija \u201eViltis\u201c, Kareivi\u0173 g. 2C, LT-08221 Vilnius),<\/li>\n<li>elektroniniu pa\u0161tu\u00a0<a href=\"mailto:vadyba@viltis.lt\">vadyba@viltis.lt<\/a>\u00a0(tik geros kokyb\u0117s skenuotos ar nufotografuotos dokument\u0173 kopijas),<\/li>\n<li>pristatyti \u012f bendrijos b\u016bstin\u0119 (adresas toks pat kaip ir siun\u010diant pa\u0161tu).<\/li>\n<\/ul>\n<p><strong>D\u0117mesio!<\/strong>\u00a0Pildydami pra\u0161ymus b\u016btinai nurodykite tiksl\u0173 gyvenamosios vietos adres\u0105, naudojam\u0105 telefono numer\u012f ir elektroninio pa\u0161to adres\u0105, kuriais b\u016bt\u0173 galima su Jumis susisiekti ir pateikti informacij\u0105, susijusi\u0105 su stovykla, kelialapi\u0173 apmok\u0117jimu ir kt.<\/p>\n<p>&nbsp;<\/p>\n<p><strong>INFORMACIJA SAVANORIAMS:<\/strong><\/p>\n<p>Nori tapti VILTIES savanoriu? Tai ir b\u016bk juo!<\/p>\n<p>Jeigu norite savanoriauti, jums reikia u\u017epildyti anket\u0105:<\/p>\n<p><a href=\"https:\/\/docs.google.com\/forms\/d\/e\/1FAIpQLSe-fNL_hwfMSqFEhJzT_0FFsvrUINY3q7bApjSnl2mnT1T9CQ\/viewform\"><strong><em>Savanorio anketa<\/em><\/strong><\/a><\/p>\n<p><span style=\"font-weight: 400;\">Savanoriai prisideda prie stovyklos veikl\u0173 organizavimo, \u012fgyvendinimo, padeda asmenims su negalia. Savanoriams suteikiamas apgyvendinimas ir maitinimas.\u00a0<\/span><\/p>\n<p><span style=\"font-weight: 400;\">Savanoriaudami prisid\u0117site prie \u201eVilties\u201c bendruomen\u0117s nari\u0173 d\u017eiaugsmo ir nepamir\u0161tam\u0173 vasaros akimirk\u0173!<\/span><\/p>\n<p>&nbsp;<\/p>\n<p><strong>Savanori\u0173 atsiliepimai:<\/strong><\/p>\n<ul>\n<li>\u201eGavusi pasi\u016blym\u0105 savanoriauti \u201eVilties\u201c stovykloje ilgai galvojau ar sugeb\u0117siu, ar verta.. Bet dabar galiu dr\u0105siai teigti \u2013 buvo tikrai verta! Tos dvi vasaros stovykloje buvo pa\u010dios geriausios ir \u012fsimintiniausios. Tiek nuo\u0161ird\u017eiai besi\u0161ypsan\u010di\u0173 ir viskuo besid\u017eiaugian\u010di\u0173 \u017emoni\u0173 vienoje vietoje neteko sutikti. Kart\u0105 pabuvus ,,Pasakoje\u201c \u012f j\u0105 norisi gr\u012f\u017eti v\u0117l ir v\u0117l :)\u201c \u2013 <em>Vilma J.<\/em><\/li>\n<li>\u201eViskas prasid\u0117jo nuo nekalto pasi\u016blymo vasar\u0105 i\u0161va\u017eiuoti \u012f stovykl\u0105 prie j\u016bros. Susigund\u017eiau. Dabar jau galiu pripa\u017einti priklausomyb\u0119 \u201eVilties\u201c stovyklai ir nuo jos tikrai nesigydysiu. Taigi, dar kart\u0105, nuo pirmos savo \u201eVilties\u201c stovyklos gyvenu iki kitos ir taip treti metai. Pad\u0117kos Tadui u\u017e sugundym\u0105.\u201c \u2013 R\u016bta K.<\/li>\n<li>\u201eVilties\u201c stovykla \u2013 u\u017ekratas, nuo kurio nesinori gydytis. \u201eIn short\u201c \u2013 kart\u0105 paragav\u0119s \u2013 negali sustot\u2026\u201c \u2013 <em>Tadas M<\/em>.<\/li>\n<li>\u201eKart\u0105 paband\u0119s \u2013 negali sustoti. Taip nutiko ir man, nebe\u012fsivaizduoju savo vasaros be \u201eVilties\u201c stovyklos\u201c \u2013<\/li>\n<li>\u201eManau stovykla \u201ePasakoje\u201c suteikia vilt\u012f kiekvienam savanoriui, mes galime tapti geresni, \u017emoni\u0161kesni ir atviresni sau ir visiems kitiems. Gal daugumai atrodo, jog \u201ePasakoje\u201c sunku ir nelengva, bet visk\u0105 atperka vaiku\u010di\u0173 ir j\u0173 t\u0117v\u0173 \u0161ypsenos ir gera nuotaika. Rodos, kad stovyklos laikas ir gan\u0117tinai trumpas, bet per j\u012f sp\u0117ji prisiri\u0161ti prie vaiku\u010di\u0173 ir b\u016bna tikrai sunku su jais atsisveikinti. Visad t\u0117vai sako, jog mes jiems padar\u0117me labai daug, bet tai yra tik la\u0161as j\u016broje k\u0105 jie daro kiekviena dien\u0105. Tikiuosi jog man ir toliau pavyks dalyvauti \u201eVilties\u201c stovyklose ir toliau prisid\u0117ti prie vis\u0173 t\u0173 \u0161ypsen\u0173 ir geros nuotaikos\u201c \u2013 <em>Simonas K.<\/em><\/li>\n<li>\u201eLabai trumpai, bet ir labai daug k\u0105 apiman\u010diai. \u201eTai yra gryno oro \u012fkv\u0117pimas tiems kuriems jo reikia\u201c \u2013<\/li>\n<li>\u201eNepakartojamos gyvenimo akimirkos, \u012fkvepian\u010dios labiau myl\u0117ti, kurti, suprasti \u2013 gyventi\u201c\u2026N.<\/li>\n<\/ul>\n","protected":false},"excerpt":{"rendered":"<p>Lietuvos sutrikusio intelekto \u017emoni\u0173 globos bendrija \u201eViltis\u201c organizuoja jau\u00a0trisde\u0161imt\u00a0\u0161e\u0161t\u0105j\u0105\u00a0savaranki\u0161ko gyvenimo ugdymo \u012fg\u016bd\u017ei\u0173 stovykl\u0105. Ji vyks Giruliuose\u00a02025 m. liepos m\u0117n.\u00a020-30\u00a0d. Adresas: poilsio stovykla \u201ePasaka\u201c, Vyd\u016bno g. 2, Kukuli\u0161ki\u0173 km. Klaip\u0117dos r. INFORMACIJA DALYVIAMS: Geros gyvenimo s\u0105lygos, puiki buitis, maitinimas. Visa kelialapio kaina asmeniui\u00a0400\u00a0eur. Norintys vykti \u012f stovykl\u0105 turi iki\u00a0bir\u017eelio\u00a06 dienos\u00a0pateikti dokumentus: pra\u0161ym\u0105\u00a0ir u\u017epildyt\u0105 dalyvio\u00a0anket\u0105\u00a0(b\u016btinai), ne\u012fgaliojo pa\u017eym\u0117jimo [&hellip;]<\/p>\n","protected":false},"author":1,"featured_media":1783,"parent":0,"menu_order":0,"comment_status":"closed","ping_status":"closed","template":"","meta":{"_acf_changed":false,"footnotes":""},"class_list":["post-1013","page","type-page","status-publish","has-post-thumbnail","hentry"],"acf":[],"lang":"lt","translations":{"lt":1013},"pll_sync_post":[],"_links":{"self":[{"href":"https:\/\/viltis.lt\/lt\/wp-json\/wp\/v2\/pages\/1013","targetHints":{"allow":["GET"]}}],"collection":[{"href":"https:\/\/viltis.lt\/lt\/wp-json\/wp\/v2\/pages"}],"about":[{"href":"https:\/\/viltis.lt\/lt\/wp-json\/wp\/v2\/types\/page"}],"author":[{"embeddable":true,"href":"https:\/\/viltis.lt\/lt\/wp-json\/wp\/v2\/users\/1"}],"replies":[{"embeddable":true,"href":"https:\/\/viltis.lt\/lt\/wp-json\/wp\/v2\/comments?post=1013"}],"version-history":[{"count":22,"href":"https:\/\/viltis.lt\/lt\/wp-json\/wp\/v2\/pages\/1013\/revisions"}],"predecessor-version":[{"id":1818,"href":"https:\/\/viltis.lt\/lt\/wp-json\/wp\/v2\/pages\/1013\/revisions\/1818"}],"wp:featuredmedia":[{"embeddable":true,"href":"https:\/\/viltis.lt\/lt\/wp-json\/wp\/v2\/media\/1783"}],"wp:attachment":[{"href":"https:\/\/viltis.lt\/lt\/wp-json\/wp\/v2\/media?parent=1013"}],"curies":[{"name":"wp","href":"https:\/\/api.w.org\/{rel}","templated":true}]}}